{"id":12,"date":"2017-06-30T15:47:04","date_gmt":"2017-06-30T22:47:04","guid":{"rendered":"http:\/\/nlp-inbewegung.com\/?page_id=12"},"modified":"2021-11-12T17:07:36","modified_gmt":"2021-11-12T16:07:36","slug":"was-ist-nlp","status":"publish","type":"page","link":"https:\/\/aheyer.de\/?page_id=12","title":{"rendered":"Was ist NLP?"},"content":{"rendered":"\t\t<div data-elementor-type=\"wp-page\" data-elementor-id=\"12\" class=\"elementor elementor-12\">\n\t\t\t\t\t\t<section class=\"elementor-section elementor-top-section elementor-element elementor-element-690108ed elementor-section-boxed elementor-section-height-default elementor-section-height-default\" data-id=\"690108ed\" data-element_type=\"section\" data-e-type=\"section\">\n\t\t\t\t\t\t<div class=\"elementor-container elementor-column-gap-default\">\n\t\t\t\t\t<div class=\"elementor-column elementor-col-100 elementor-top-column elementor-element elementor-element-7e83522\" data-id=\"7e83522\" data-element_type=\"column\" data-e-type=\"column\">\n\t\t\t<div class=\"elementor-widget-wrap elementor-element-populated\">\n\t\t\t\t\t\t<div class=\"elementor-element elementor-element-69dd7177 elementor-widget elementor-widget-text-editor\" data-id=\"69dd7177\" data-element_type=\"widget\" data-e-type=\"widget\" data-widget_type=\"text-editor.default\">\n\t\t\t\t<div class=\"elementor-widget-container\">\n\t\t\t\t\t\t\t\t\t<h2>Haltung und Menschenbild<\/h2>\nDas f\u00fcr mich faszinierendste und zugleich schwierigste am NLP ist die\nwertsch\u00e4tzende Haltung und das positive Menschenbild. Faszinierend, weil alles in mir Ja sagt zu beidem und beides im Alltag so schnell aus dem Blickfeld verschwindet.\n\n<strong>Alles Erleben ist das Ergebnis von Aufmerksamkeitsfokussierung.<\/strong>\nWohl wahr und wie oft neige ich dazu, mich als Opfer von \u201eAnderen\u201c oder\n\u201eUmst\u00e4nden\u201c zu erleben. Es ist auch anstrengend so bewusst zu sein, immer und \u00fcberall.\n<strong>Die Bedeutung und Wirkung einer Botschaft bestimmt der Empf\u00e4nger.<\/strong>\nWahrlich gibt dies keinen Freibrief dazu sich wie ein Arsch zu benehmen, doch darin steckt die Wichtigkeit von Feedbackprozessen, dass Kommunikation ein wechselseitiger Akt und kein linearer Prozess ist, der auf Ursache und Wirkung beruht.\n<h5><a href=\"https:\/\/1drv.ms\/v\/s!As_2Rj96R6QXmQC5TU06A1yDNQ8p\">Sehen Sie hier das Kurzvideo &#8222;Anita Heyer: Einf\u00fchrung in NLP&#8220;<\/a><\/h5>\nDeshalb:\n<strong>Frag nicht Warum! Frage Wof\u00fcr.<\/strong>\nDie Frage Warum zielt auf Ursache-Wirkungsprozesse hin, was im Kontext mit Maschinen (also toten Gegenst\u00e4nden) hilfreich und n\u00fctzlich ist. Warum springt das Auto nicht an f\u00fchrt zu Fehlersuche und zu L\u00f6sungen. Im Zwischenmenschlichen ist es wenig l\u00f6sungsf\u00f6rderlich, Warum zu fragen. Hier f\u00fchrt es zu Schuldfragen und Rechtfertigungen. Rechtfertigung ist ein kriegerischer Akt! Nicht wahr? Pr\u00fcfen Sie die Wirkung der unterschiedlichen Fragerichtungen. Wohin wollen Sie die Aufmerksamkeit Ihres Gegen\u00fcbers lenken?\n\nFragen Sie sich:\n<strong>Ist das, was ich mache L\u00f6sungsf\u00f6rderlich oder Problemstabilisierend?<\/strong>\nWozu m\u00f6chten Sie einen Beitrag leisten?\n\nUnd:\n<strong>Jedes Problem ist eine L\u00f6sung f\u00fcr andere Ziele.<\/strong>\nIch hoffe, Sie sind ein bisschen vers\u00f6hnter und gleichzeitig neugierig geworden!\t\t\t\t\t\t\t\t<\/div>\n\t\t\t\t<\/div>\n\t\t\t\t\t<\/div>\n\t\t<\/div>\n\t\t\t\t\t<\/div>\n\t\t<\/section>\n\t\t\t\t<section class=\"elementor-section elementor-top-section elementor-element elementor-element-35e1209 elementor-section-boxed elementor-section-height-default elementor-section-height-default\" data-id=\"35e1209\" data-element_type=\"section\" data-e-type=\"section\">\n\t\t\t\t\t\t<div class=\"elementor-container elementor-column-gap-no\">\n\t\t\t\t\t<div class=\"elementor-column elementor-col-100 elementor-top-column elementor-element elementor-element-922cd18\" data-id=\"922cd18\" data-element_type=\"column\" data-e-type=\"column\">\n\t\t\t<div class=\"elementor-widget-wrap elementor-element-populated\">\n\t\t\t\t\t\t<div class=\"elementor-element elementor-element-a358ba0 elementor-widget elementor-widget-text-editor\" data-id=\"a358ba0\" data-element_type=\"widget\" data-e-type=\"widget\" data-widget_type=\"text-editor.default\">\n\t\t\t\t<div class=\"elementor-widget-container\">\n\t\t\t\t\t\t\t\t\t<h1><span style=\"color: #008000;\"><strong><em>Ausarbeitung Practitioner-Test, Sommer 2021<\/em><\/strong><\/span><\/h1><p><span style=\"color: #0000ff;\"><strong><em>Gib eine Definition von NLP f\u00fcr unterschiedliche Kontexte (benenne die Kontexte)<\/em><\/strong><\/span><\/p><p><b><img fetchpriority=\"high\" decoding=\"async\" class=\"alignnone size-full wp-image-680\" src=\"https:\/\/aheyer.de\/wp-content\/uploads\/ANTE.png\" alt=\"\" width=\"241\" height=\"241\" srcset=\"https:\/\/aheyer.de\/wp-content\/uploads\/ANTE.png 241w, https:\/\/aheyer.de\/wp-content\/uploads\/ANTE-150x150.png 150w\" sizes=\"(max-width: 241px) 85vw, 241px\" \/>Ante:<br \/><\/b><span style=\"color: var( --e-global-color-text ); font-family: var( --e-global-typography-text-font-family ), Sans-serif; font-weight: var( --e-global-typography-text-font-weight ); font-size: 1rem;\">NLP ist f\u00fcr mich ein ganzheitliches Werkzeug, welches sich in vielen Kontexten n\u00fctzlich bew\u00e4hren kann. Hierbei spielt es aus meiner Sicht keine Rolle einen expliziten Kontext zu nennen, wie z.B. (privates Umfeld, Business, Verkauf, P\u00e4dagogik, etc.). Ausschlaggebend sind der Anwender und die Art und Weise der Anwendung des NLP. Denn NLP ist f\u00fcr mich im idealen Zustand keine Aneinanderreihung von Interventionen. Sondern eine \u00dcbernahme von Denk- und Verhaltensweisen im gesamten Leben des Anwenders, um mit \u201eden\u201c bzw. \u201emeinen\u201c Werten in Kongruenz zu treten und NLP mit bedacht und Respekt anzuwenden, um Kommunikation und zwischenmenschliche Interaktion gewinnbringend fu\u0308r alle Beteiligten nach M\u00f6glichkeit zu gestalten.<\/span><\/p><p>\u00a0<\/p><p><strong><img decoding=\"async\" class=\"alignnone size-full wp-image-681\" src=\"https:\/\/aheyer.de\/wp-content\/uploads\/Arzu.png\" alt=\"\" width=\"236\" height=\"241\" \/>Arzu:<\/strong><\/p><p><u>Neuro:<\/u> Die Wahrnehmung wird durch das Nervensystem und durch die 5 Sinne gefiltert und jedes Verhalten beruht auf neuronalen Prozessen.<\/p><p><u>Linguistik:<\/u> bezieht sich auf verbale und nonverbale Repr\u00e4sentation der 5 Sinne. Die Grundlage f\u00fcr Strategien, Sprache und Kommunikation mit sich selbst und anderen.<\/p><p><u>P:<\/u> steht f\u00fcr den Prozess der Organisation und Verarbeitung einzelner Komponenten, um ein bestimmtes Ziel zu erreichen.<\/p><p>NLP \u2013 ist f\u00fcr mich eine bewusste Kommunikationsform, um bestimmte festgefahrene Gedanken und Umgangsformen mit sich und seinem Gegen\u00fcber zu durchleuchten. Die Vielzahl an Werkzeugen, die der NLP-Interessierte an die Hand bekommt, ist sehr wertvoll f\u00fcr die Arbeit seiner Themen, die er im Leben bewusst angehen m\u00f6chte. Eine Bewusstseinserweiterung vom Feinsten. NLP holt das Sch\u00f6ne aus einem Menschen und gibt diesem sein eventuell verlorenes Selbstvertrauen zur\u00fcck. Harte Arbeit, die definitiv belohnt wird.<\/p><p><strong><img decoding=\"async\" class=\"alignnone size-full wp-image-683\" src=\"https:\/\/aheyer.de\/wp-content\/uploads\/Christine.png\" alt=\"\" width=\"241\" height=\"241\" srcset=\"https:\/\/aheyer.de\/wp-content\/uploads\/Christine.png 241w, https:\/\/aheyer.de\/wp-content\/uploads\/Christine-150x150.png 150w\" sizes=\"(max-width: 241px) 85vw, 241px\" \/>Christine:<\/strong><\/p><p>NLP ist f\u00fcr mich eine bunte Sammlung von Methoden, die helfen k\u00f6nnen:<\/p><ul><li>die Wahrnehmung \/ die Handlungsm\u00f6glichkeiten zu \u00a0\u00a0\u00a0\u00a0\u00a0\u00a0\u00a0\u00a0\u00a0 erweitern<\/li><li>\u00c4ngste zu reduzieren<\/li><li>Ziele zu erreichen<\/li><li>gute Entscheidungen zu treffen<\/li><li>die Welt positiver zu sehen<\/li><li>F\u00e4higkeiten anhand von Modellpersonen zu erlernen (Exzellenz)<\/li><li>das Unbewusste zus\u00e4tzlich zum bewussten Denken einzusetzen<\/li><\/ul><p>Die Methoden k\u00f6nnen sowohl im beruflichen als auch im privaten Kontext angewendet werden, an einer Person und an Gruppen.<\/p><p><strong><img loading=\"lazy\" decoding=\"async\" class=\"alignnone size-full wp-image-682\" src=\"https:\/\/aheyer.de\/wp-content\/uploads\/Carmen.png\" alt=\"\" width=\"184\" height=\"241\" \/>Carmen:<\/strong><\/p><p>NLP bedeutet N f\u00fcr Neuro &#8211; Wahrnehmung mit allen 5 Sinnen (VAKOG); L f\u00fcr Linguistik \u2013 der Sprache (so wie wir die Welt versprachlichen) und P f\u00fcr Programmieren \u2013 der Denkweisen, Umsetzung und Prozesse. Im NLP geht es um die exzellente Kommunikation mit- und untereinander. Zuzuh\u00f6ren, was sagt mein Gegen\u00fcber und in welchem Kontext. Sind alle Informationen enthalten, die ich f\u00fcr das Gesamtbild der Darstellung brauche oder gibt es noch mehr zu erfragen. Immer wieder zu erkennen, dass jeder Mensch seine eigene Landkarte und Vorstellung von der Welt hat, die ihn dann auch zu dem entsprechenden Glauben und Verhalten bringt. Die Grundannahme des NLP ist, dass hinter jedem Verhalten eine positive Absicht steckt.<\/p><p>Im NLP lernen wir den eigenen Gedankenkreisel selbst umzuprogrammieren, um negative Bewertungen jeglicher Art uns bewusst zu machen und zu verneinen. So sagte eins der Dalai Lama: \u201ePsychische Hygiene bedeutet, den negativ destruktiven Emotionen keinen Raum zu geben. Sondern zu lernen sein Gem\u00fct zu beeinflussen und zu entwickeln.\u201c<\/p><p>Durch gezieltes Fragen im NLP kann ich schauen, mit was mein Gegen\u00fcber ein Thema hat und wie ich ihm das richtige Handwerkszeug mitgeben kann, um zu einer L\u00f6sung zu finden. Hier liegt ganz besonders der Fokus darauf, dass die F\u00e4higkeiten und Kompetenzen der anderen Person gest\u00e4rkt, bewusst gemacht und im gew\u00fcnschten Kontext\/Ziel entweder gefestigt oder ver\u00e4ndert werden<\/p><p>\u00a0<\/p>\t\t\t\t\t\t\t\t<\/div>\n\t\t\t\t<\/div>\n\t\t\t\t\t<\/div>\n\t\t<\/div>\n\t\t\t\t\t<\/div>\n\t\t<\/section>\n\t\t\t\t<\/div>\n\t\t","protected":false},"excerpt":{"rendered":"<p>Haltung und Menschenbild Das f\u00fcr mich faszinierendste und zugleich schwierigste am NLP ist die wertsch\u00e4tzende Haltung und das positive Menschenbild. Faszinierend, weil alles in mir Ja sagt zu beidem und beides im Alltag so schnell aus dem Blickfeld verschwindet. Alles Erleben ist das Ergebnis von Aufmerksamkeitsfokussierung. Wohl wahr und wie oft neige ich dazu, mich &hellip; <a href=\"https:\/\/aheyer.de\/?page_id=12\" class=\"more-link\"><span class=\"screen-reader-text\">&#8222;Was ist NLP?&#8220; <\/span>weiterlesen<\/a><\/p>\n","protected":false},"author":1,"featured_media":0,"parent":0,"menu_order":0,"comment_status":"closed","ping_status":"closed","template":"","meta":{"footnotes":""},"class_list":["post-12","page","type-page","status-publish","hentry"],"_links":{"self":[{"href":"https:\/\/aheyer.de\/index.php?rest_route=\/wp\/v2\/pages\/12","targetHints":{"allow":["GET"]}}],"collection":[{"href":"https:\/\/aheyer.de\/index.php?rest_route=\/wp\/v2\/pages"}],"about":[{"href":"https:\/\/aheyer.de\/index.php?rest_route=\/wp\/v2\/types\/page"}],"author":[{"embeddable":true,"href":"https:\/\/aheyer.de\/index.php?rest_route=\/wp\/v2\/users\/1"}],"replies":[{"embeddable":true,"href":"https:\/\/aheyer.de\/index.php?rest_route=%2Fwp%2Fv2%2Fcomments&post=12"}],"version-history":[{"count":26,"href":"https:\/\/aheyer.de\/index.php?rest_route=\/wp\/v2\/pages\/12\/revisions"}],"predecessor-version":[{"id":694,"href":"https:\/\/aheyer.de\/index.php?rest_route=\/wp\/v2\/pages\/12\/revisions\/694"}],"wp:attachment":[{"href":"https:\/\/aheyer.de\/index.php?rest_route=%2Fwp%2Fv2%2Fmedia&parent=12"}],"curies":[{"name":"wp","href":"https:\/\/api.w.org\/{rel}","templated":true}]}}