{"id":16,"date":"2017-06-30T15:48:25","date_gmt":"2017-06-30T22:48:25","guid":{"rendered":"http:\/\/nlp-inbewegung.com\/?page_id=16"},"modified":"2020-05-04T12:23:44","modified_gmt":"2020-05-04T10:23:44","slug":"technik","status":"publish","type":"page","link":"https:\/\/aheyer.de\/?page_id=16","title":{"rendered":"Technik"},"content":{"rendered":"<p>Die Techniken des NLP basieren auf der Humanistischen Psychologie, diese ist eine Sammelbewegung von Wissenschaftlern und Therapeuten in den USA, die ein dreifaches Unbehagen hatten.<\/p>\n<h5><a href=\"https:\/\/1drv.ms\/v\/s!As_2Rj96R6QXmQC5TU06A1yDNQ8p\">Sehen Sie hier das Kurzvideo &#8222;Anita Heyer: Einf\u00fchrung in NLP&#8220;<\/a><\/h5>\n<p>Das 1. Unbehagen war am Menschen, dessen Ehrgeiz es ist &#8222;normal&#8220; zu sein &#8222;adjusted&#8220; zu sein. Adjustment als oberstes Ziel der B\u00fcrgerpflicht und der menschlichen Entwicklung. Menschen, die wunderbar funktionieren, aber doch unter dem bleiben, was Menschen m\u00f6glich w\u00e4re und was Menschen aus sich machen k\u00f6nnten. Daraus ist entstanden: Therapie f\u00fcr Normale!<\/p>\n<p>Das 2. Unbehagen war das an der akademischen Psychologie an den Universit\u00e4ten, das sehr auf das Ideal der wissenschaftlichen Exaktheit setzte, wo nur z\u00e4hlte, was z\u00e4hlbar und messbar und quantifizierbar war in standardisierten Experimenten. Was dann weit hinter dem zur\u00fcckblieb, was man sich von der Psychologie erhofft, n\u00e4mlich dass sie f\u00fcr die Dilemmata meines Daseins, meiner Existenz was beizutragen habe. Die experimentelle Universit\u00e4tspsychologie ist da absolut d\u00fcrftig. Arthur K\u00f6ster hat darauf bezogen sein Buch betitelt: &#8222;Die Armut der Psychologie&#8220;.<\/p>\n<p>Und das 3. Unbehagen war an den vorherrschenden Therapie-Richtungen, Freud&#8217;s Psychoanalyse und dem Behaviorismus. Beiden war gemein, dass der Mensch als weithin determiniert betrachtet wurde. Bei den Analytikern war der Mensch den unbewussten Kr\u00e4ften anheim gegeben, &#8222;er war nicht Herr im eigenen Hause&#8220;. Und bei den Behavioristen hat Skinner sein Buch betitelt: &#8222;Jenseits von Freiheit und W\u00fcrde&#8220;. Bei den Behavioristen wurde der Mensch als konditioniert und konditionierbar angesehen (was er unter vielem anderen auch ist).<\/p>\n<p>Und dann hat diese Sammelbewegung (die Humanistische Psychologie) gesagt: &#8222;Nein, der Mensch in Freiheit und W\u00fcrde, der etwas aus sich machen kann, der sollte im Fokus einer daseins-relevanten Psychologie stehen!&#8220;<br \/>\nUnd dann nannte sich die Humanistische Psychologie:<br \/>\n&#8222;die dritte Kraft&#8220;.<\/p>\n<p>Dies sind die Wurzeln des NLP.<\/p>\n","protected":false},"excerpt":{"rendered":"<p>Die Techniken des NLP basieren auf der Humanistischen Psychologie, diese ist eine Sammelbewegung von Wissenschaftlern und Therapeuten in den USA, die ein dreifaches Unbehagen hatten. Sehen Sie hier das Kurzvideo &#8222;Anita Heyer: Einf\u00fchrung in NLP&#8220; Das 1. Unbehagen war am Menschen, dessen Ehrgeiz es ist &#8222;normal&#8220; zu sein &#8222;adjusted&#8220; zu sein. Adjustment als oberstes Ziel &hellip; <a href=\"https:\/\/aheyer.de\/?page_id=16\" class=\"more-link\"><span class=\"screen-reader-text\">&#8222;Technik&#8220; <\/span>weiterlesen<\/a><\/p>\n","protected":false},"author":1,"featured_media":0,"parent":0,"menu_order":0,"comment_status":"closed","ping_status":"closed","template":"","meta":{"footnotes":""},"class_list":["post-16","page","type-page","status-publish","hentry"],"_links":{"self":[{"href":"https:\/\/aheyer.de\/index.php?rest_route=\/wp\/v2\/pages\/16","targetHints":{"allow":["GET"]}}],"collection":[{"href":"https:\/\/aheyer.de\/index.php?rest_route=\/wp\/v2\/pages"}],"about":[{"href":"https:\/\/aheyer.de\/index.php?rest_route=\/wp\/v2\/types\/page"}],"author":[{"embeddable":true,"href":"https:\/\/aheyer.de\/index.php?rest_route=\/wp\/v2\/users\/1"}],"replies":[{"embeddable":true,"href":"https:\/\/aheyer.de\/index.php?rest_route=%2Fwp%2Fv2%2Fcomments&post=16"}],"version-history":[{"count":3,"href":"https:\/\/aheyer.de\/index.php?rest_route=\/wp\/v2\/pages\/16\/revisions"}],"predecessor-version":[{"id":326,"href":"https:\/\/aheyer.de\/index.php?rest_route=\/wp\/v2\/pages\/16\/revisions\/326"}],"wp:attachment":[{"href":"https:\/\/aheyer.de\/index.php?rest_route=%2Fwp%2Fv2%2Fmedia&parent=16"}],"curies":[{"name":"wp","href":"https:\/\/api.w.org\/{rel}","templated":true}]}}