{"id":18,"date":"2017-06-30T15:51:00","date_gmt":"2017-06-30T22:51:00","guid":{"rendered":"http:\/\/nlp-inbewegung.com\/?page_id=18"},"modified":"2020-09-20T07:04:34","modified_gmt":"2020-09-20T05:04:34","slug":"firmen","status":"publish","type":"page","link":"https:\/\/aheyer.de\/?page_id=18","title":{"rendered":"Firmen"},"content":{"rendered":"<p>F\u00fchren ist eine anspruchsvolle Aufgabe. Lernen Sie, wie die \u00dcbernahme einer F\u00fchrungsaufgabe gelingt und wie Sie Ihre F\u00fchrungskompetenz steigern k\u00f6nnen. Nutzen Sie dieGelegenheit, ihr F\u00fchrungsverhalten zu verbessern und optimieren Sie ihren pers\u00f6nlichen F\u00fchrungsstil.<br \/>\nDieses Training richtet sich an Menschen, die vor der Entscheidung stehen, kurz oder mittelfristig eine F\u00fchrungsaufgabe zu \u00fcbernehmen und erfahrene F\u00fchrungskr\u00e4fte, die ihre F\u00fchrungsqualit\u00e4ten einer intensiven Reflektion unterziehen m\u00f6chten:<\/p>\n<ul>\n<li>F\u00fchrungsrolle und F\u00fchrungsverst\u00e4ndnis<\/li>\n<li>Selbststeuerung von Teams<\/li>\n<li>Kernelemente personaler, situativer und systemischer F\u00fchrung<\/li>\n<li>Prinzipien der F\u00fchrung mit Macht,Verst\u00e4ndnis und Vertrauen<\/li>\n<li>F\u00fchren in Krisen und Ver\u00e4nderungssituationen<\/li>\n<li>Klassiker des Scheiterns bei der \u00dcbernahme von F\u00fchrung<\/li>\n<li>Konfliktmanagement und die gewinnende Konfliktl\u00f6sung<\/li>\n<li>Gespr\u00e4chstypen zielorientierter F\u00fchrung<\/li>\n<li>Optimierung Ihres pers\u00f6nlichen F\u00fchrungsmodells<\/li>\n<li>Werte und Ethik, aktuelle Trends<\/li>\n<\/ul>\n<h2>Preise:<\/h2>\n<p>Inhouse-Seminare\/Firmentrainings allgemein:<br \/>\n1.800,00 \u20ac pro Tag (2.142,00 \u20ac incl. MwSt.)<\/p>\n<p>F\u00fchrungs-Seminare\/Inhouse:<br \/>\n2.400,00 \u20ac pro Tag (2.856,00 \u20ac incl. MwSt.)<\/p>\n<p>Vortrag: 900,00 \u20ac 1,5 Stunden (1071,00 \u20ac)<\/p>\n<p>Supervision\/Coaching: 240,00 \u20ac (285,60 \u20ac)<\/p>\n<p>Zeitrahmen: eine Zeit-Stunde<\/p>\n<p>Termine nur nach Absprache<\/p>\n","protected":false},"excerpt":{"rendered":"<p>F\u00fchren ist eine anspruchsvolle Aufgabe. Lernen Sie, wie die \u00dcbernahme einer F\u00fchrungsaufgabe gelingt und wie Sie Ihre F\u00fchrungskompetenz steigern k\u00f6nnen. Nutzen Sie dieGelegenheit, ihr F\u00fchrungsverhalten zu verbessern und optimieren Sie ihren pers\u00f6nlichen F\u00fchrungsstil. Dieses Training richtet sich an Menschen, die vor der Entscheidung stehen, kurz oder mittelfristig eine F\u00fchrungsaufgabe zu \u00fcbernehmen und erfahrene F\u00fchrungskr\u00e4fte, die &hellip; <a href=\"https:\/\/aheyer.de\/?page_id=18\" class=\"more-link\"><span class=\"screen-reader-text\">&#8222;Firmen&#8220; <\/span>weiterlesen<\/a><\/p>\n","protected":false},"author":1,"featured_media":0,"parent":0,"menu_order":0,"comment_status":"closed","ping_status":"closed","template":"","meta":{"footnotes":""},"class_list":["post-18","page","type-page","status-publish","hentry"],"_links":{"self":[{"href":"https:\/\/aheyer.de\/index.php?rest_route=\/wp\/v2\/pages\/18","targetHints":{"allow":["GET"]}}],"collection":[{"href":"https:\/\/aheyer.de\/index.php?rest_route=\/wp\/v2\/pages"}],"about":[{"href":"https:\/\/aheyer.de\/index.php?rest_route=\/wp\/v2\/types\/page"}],"author":[{"embeddable":true,"href":"https:\/\/aheyer.de\/index.php?rest_route=\/wp\/v2\/users\/1"}],"replies":[{"embeddable":true,"href":"https:\/\/aheyer.de\/index.php?rest_route=%2Fwp%2Fv2%2Fcomments&post=18"}],"version-history":[{"count":5,"href":"https:\/\/aheyer.de\/index.php?rest_route=\/wp\/v2\/pages\/18\/revisions"}],"predecessor-version":[{"id":249,"href":"https:\/\/aheyer.de\/index.php?rest_route=\/wp\/v2\/pages\/18\/revisions\/249"}],"wp:attachment":[{"href":"https:\/\/aheyer.de\/index.php?rest_route=%2Fwp%2Fv2%2Fmedia&parent=18"}],"curies":[{"name":"wp","href":"https:\/\/api.w.org\/{rel}","templated":true}]}}