{"id":21,"date":"2017-06-30T15:53:21","date_gmt":"2017-06-30T22:53:21","guid":{"rendered":"http:\/\/nlp-inbewegung.com\/?page_id=21"},"modified":"2020-05-05T11:27:59","modified_gmt":"2020-05-05T09:27:59","slug":"lust-auf-kaltakquise","status":"publish","type":"page","link":"https:\/\/aheyer.de\/?page_id=21","title":{"rendered":"Lust auf Kaltakquise"},"content":{"rendered":"<blockquote><p>Hindernisse sind jene furchtbaren Dinge, die Du siehst, sobald Du den Blick von Deinen Zielen abwendest!\u201c<br \/>\n<small>Henry Ford<\/small><\/p><\/blockquote>\n<p>Steigern Sie Ihre Erfolgsquote am Telefon und lernen Sie funktionierende Kaltakquise, die Ihnen und den Kunden Spa\u00df macht! Die professionelle Kaltakquise \u2013 also der erfolgreiche Erstkontakt am Telefon \u2013ist eine der schwierigsten im Business. Gleichzeitig ist und bleibt das Telefoneiner der effektivsten Wege zur gezielten Neukundengewinnung. Trotzdem mag die bekannte Kaltakquisition am Telefon kaum jemand \u2013 weder die Angerufenen noch wir als Anrufer.<\/p>\n<p>So macht Kaltakquise Spa\u00df. Ihnen und dem Kunden!<\/p>\n<p>Indem Sie k\u00fcnftig \u00fcberraschend neue, andere Wege gehen, den Kunden und das gemeinsame Gespr\u00e4ch in den Mittelpunkt stellen \u2013 und eben nicht sich selbst und Ihr Angebot \u2013werden Sie sich erfrischend von allen anderen Anrufern abheben. Sie brechen das Muster in der Wahrnehmung der Kunden. Denn der Angerufene merkt: da hat einer echtes Interesse an mir und der f\u00fcr mich besten L\u00f6sung. Er wird denken \u201eAh, das klingt interessant, das h\u00f6r ich mir an.\u201c<br \/>\n\u201eEiner meiner langj\u00e4hrigen Verk\u00e4ufer hat einmal das Geheimnis seines Erfolges entschleiert: Man muss den Kunden reden lassen und ein guter Zuh\u00f6rer sein.\u201c <em>Wilhelm Becker<\/em><\/p>\n<p>Sie entfalten bereits mit Ihrem Gespr\u00e4chseinstieg eine Sogwirkung, die den Kundenautomatisch ins Gespr\u00e4ch hineinzieht. Er wird sich mitteilen. Und Sie haben beste Chancen, Ans\u00e4tze f\u00fcr einen qualifizierten Termin bzw. Gesch\u00e4ft abzuleiten!So macht Akquise Spa\u00df: Ihnen und den Angerufenen.<br \/>\n\u201eDas Geheimnis des au\u00dferordentlichen Menschen ist in den meisten F\u00e4llen nichts als Konsequenz.\u201c <em>Buddha<\/em><\/p>\n<p>Lernen Sie Neue, effektive Methoden &amp; Techniken f\u00fcr Ihren Akquise-Erfolg. Eben keine Manipulationstechniken, sondern wirklich neue Ans\u00e4tze f\u00fcr wertsch\u00e4tzende und gleichzeitig erfolgreiche Akquise-Kommunikation am Telefon Hilfreiche Checklisten &amp; Hilfsmittel f\u00fcr Ihre Akquise-Arbeit.<br \/>\nIch gebe unz\u00e4hlige Praxis- und Dialogbeispiele f\u00fcr Ihre direkte Umsetzung in der Praxis.<\/p>\n<blockquote><p>Sie machen die Erfahrung, dass Freude an der Akquise eine Haltung ist, die Sie bewusst einnehmen k\u00f6nnen.Akquise wird dadurch nicht einfacher, aber leichter!<\/p><\/blockquote>\n<p>Anita Heyer<\/p>\n","protected":false},"excerpt":{"rendered":"<p>Hindernisse sind jene furchtbaren Dinge, die Du siehst, sobald Du den Blick von Deinen Zielen abwendest!\u201c Henry Ford Steigern Sie Ihre Erfolgsquote am Telefon und lernen Sie funktionierende Kaltakquise, die Ihnen und den Kunden Spa\u00df macht! Die professionelle Kaltakquise \u2013 also der erfolgreiche Erstkontakt am Telefon \u2013ist eine der schwierigsten im Business. Gleichzeitig ist und &hellip; <a href=\"https:\/\/aheyer.de\/?page_id=21\" class=\"more-link\"><span class=\"screen-reader-text\">&#8222;Lust auf Kaltakquise&#8220; <\/span>weiterlesen<\/a><\/p>\n","protected":false},"author":1,"featured_media":0,"parent":0,"menu_order":0,"comment_status":"closed","ping_status":"closed","template":"","meta":{"footnotes":""},"class_list":["post-21","page","type-page","status-publish","hentry"],"_links":{"self":[{"href":"https:\/\/aheyer.de\/index.php?rest_route=\/wp\/v2\/pages\/21","targetHints":{"allow":["GET"]}}],"collection":[{"href":"https:\/\/aheyer.de\/index.php?rest_route=\/wp\/v2\/pages"}],"about":[{"href":"https:\/\/aheyer.de\/index.php?rest_route=\/wp\/v2\/types\/page"}],"author":[{"embeddable":true,"href":"https:\/\/aheyer.de\/index.php?rest_route=\/wp\/v2\/users\/1"}],"replies":[{"embeddable":true,"href":"https:\/\/aheyer.de\/index.php?rest_route=%2Fwp%2Fv2%2Fcomments&post=21"}],"version-history":[{"count":5,"href":"https:\/\/aheyer.de\/index.php?rest_route=\/wp\/v2\/pages\/21\/revisions"}],"predecessor-version":[{"id":251,"href":"https:\/\/aheyer.de\/index.php?rest_route=\/wp\/v2\/pages\/21\/revisions\/251"}],"wp:attachment":[{"href":"https:\/\/aheyer.de\/index.php?rest_route=%2Fwp%2Fv2%2Fmedia&parent=21"}],"curies":[{"name":"wp","href":"https:\/\/api.w.org\/{rel}","templated":true}]}}