{"id":240,"date":"2018-03-13T05:35:10","date_gmt":"2018-03-13T12:35:10","guid":{"rendered":"http:\/\/nlp-inbewegung.com\/?page_id=240"},"modified":"2020-05-04T12:02:24","modified_gmt":"2020-05-04T10:02:24","slug":"impressum-und-datenschutzerklarung","status":"publish","type":"page","link":"https:\/\/aheyer.de\/?page_id=240","title":{"rendered":"Impressum und Datenschutzerkl\u00e4rung"},"content":{"rendered":"<p><strong>Impressum<\/strong><\/p>\n<p>Kompetenzzentrum f\u00fcr l\u00f6sungsfokussierte Prozesse<\/p>\n<p>Inhaber: Anita und Andreas Heyer<\/p>\n<p>Lindenallee 7<br \/>\n61350 Bad Homburg<br \/>\nDeutschland<br \/>\nTelefon: 06172 996423<br \/>\nE-Mail: &#111;&#x66;&#102;&#x69;c&#101;&#x40;&#97;&#x68;e&#x79;e&#114;&#x2e;&#100;&#x65;<\/p>\n<p>Umsatzsteuer-Identifikationsnummer: DE 220733485<\/p>\n<p>Berufshaftpflichtversicherung:<\/p>\n<p>HDI Versicherungen AG<br \/>\nHDI-Platz 1<br \/>\n30659 Hannover<\/p>\n<p>Der r\u00e4umliche Geltungsbereich des Versicherungsschutzes umfasst T\u00e4tigkeiten in Deutschland.<\/p>\n<p>Die Europ\u00e4ische Kommission stellt eine Plattform zur Online-Streitbeilegung (OS) bereit, die Sie hier finden <a href=\"https:\/\/ec.europa.eu\/consumers\/odr\/\">https:\/\/ec.europa.eu\/consumers\/odr\/<\/a>.<\/p>\n<p>Zur Teilnahme an einem Streitbeilegungsverfahren vor einer Verbraucherschlichtungsstelle sind wir nicht verpflichtet und nicht bereit.<\/p>\n<hr>\n<p><strong>Erkl\u00e4rung zur Informationspflicht<\/strong><\/p>\n<p><strong>(Datenschutzerkl\u00e4rung)<\/strong><\/p>\n<p>Der Schutz Ihrer pers\u00f6nlichen Daten ist uns ein besonderes Anliegen. Wir verarbeiten Ihre Daten daher ausschlie\u00dflich auf Grundlage der gesetzlichen Bestimmungen (DSGVO, TKG 2003). In diesen Datenschutzinformationen informieren wir Sie \u00fcber die wichtigsten Aspekte der Datenverarbeitung im Rahmen unserer Website.<\/p>\n<p><strong>Kontakt mit uns<\/strong><\/p>\n<p>Wenn Sie per Formular auf der Website oder per E-Mail Kontakt mit uns aufnehmen, werden Ihre angegebenen Daten zwecks Bearbeitung der Anfrage und f\u00fcr den Fall von Anschlussfragen im Rahmen der gesetzlich vorgeschrieben Aufbewahrungsfrist bei uns gespeichert. Diese Daten geben wir nicht ohne Ihre Einwilligung weiter.<\/p>\n<p><strong>Datenspeicherung<\/strong><\/p>\n<p>Wir weisen darauf hin, dass zum Zweck des einfacheren Anmeldevorganges und zur sp\u00e4teren Vertragsabwicklung Daten des Anschlussinhabers gespeichert werden, insbesondere Name, Anschrift und Telefonnummer der sich anmeldenden Person.<\/p>\n<p>Dar\u00fcber hinaus werden zum Zweck der Vertragsabwicklung folgende Daten bei uns gespeichert: Vollst\u00e4ndiger Name, vollst\u00e4ndige Adresse, Telefonnummer, E-Mail-Adresse, Bankverbindung. Die von Ihnen bereit gestellten Daten sind zur Vertragserf\u00fcllung bzw. zur Durchf\u00fchrung vorvertraglicher Ma\u00dfnahmen erforderlich. Ohne diese Daten k\u00f6nnen wir den Vertrag mit Ihnen nicht abschlie\u00dfen. Eine Daten\u00fcbermittlung an Dritte erfolgt nicht, eine Ausnahme besteht in der Weitergabe von Daten auf Rechnungen und oder Bankunterlagen an unseren Steuerberater zur Erf\u00fcllung unserer steuerrechtlichen Verpflichtungen.<\/p>\n<p>Nach Abbruch des Anmeldevorganges werden die bei uns gespeicherten Daten gel\u00f6scht. Im Falle eines Vertragsabschlusses werden s\u00e4mtliche Daten aus dem Vertragsverh\u00e4ltnis bis zum Ablauf der steuerrechtlichen Aufbewahrungsfrist (7 Jahre) gespeichert.<\/p>\n<p>Die Rechnungsdaten und Daten wie Name, Anschrift und Telefonnummer werden dar\u00fcber hinaus gehend bis zum Ablauf der gesetzlichen Bestimmungen (10 Jahre) gespeichert. Die Datenverarbeitung erfolgt auf Basis der gesetzlichen Bestimmungen des \u00a7 96 Abs 3 TKG sowie des Art 6 Abs 1 lit a (Einwilligung) und\/oder lit b (notwendig zur Vertragserf\u00fcllung) der DSGVO.<\/p>\n<p><strong>Cookies<\/strong><\/p>\n<p>Bei dem Aufrufen unserer Website k\u00f6nnen durch Drittanbieter so genannte Cookies verwendet werden. Dabei handelt es sich um kleine Textdateien, die mit Hilfe des Browsers auf Ihrem Endger\u00e4t abgelegt werden. Sie richten keinen Schaden an.<\/p>\n<p>Drittanbieter nutzen Cookies dazu, ihre Angebote nutzerfreundlich zu gestalten. Einige Cookies bleiben auf Ihrem Endger\u00e4t gespeichert, bis Sie diese l\u00f6schen. Sie erm\u00f6glichen es uns, Ihren Browser beim n\u00e4chsten Besuch wiederzuerkennen.<\/p>\n<p>Internetadressen von Drittanbietern sind:<\/p>\n<p><a href=\"https:\/\/www.google.de\/\">https:\/\/www.google.de\/<\/a><\/p>\n<p><a href=\"https:\/\/www.1und1.de\/\">https:\/\/www.1und1.de\/<\/a><\/p>\n<p>Wenn Sie dies nicht w\u00fcnschen, so k\u00f6nnen Sie Ihren Browser so einrichten, dass er Sie \u00fcber das Setzen von Cookies informiert und Sie dies nur im Einzelfall erlauben.<\/p>\n<p>Bei der Deaktivierung von Cookies kann die Funktionalit\u00e4t unserer Website eingeschr\u00e4nkt sein.<\/p>\n<p>Unsere Website verwendet Funktionen der Webanalysedienste: <a href=\"https:\/\/www.google.com\/intl\/de_de\/analytics\/\">https:\/\/www.google.com\/intl\/de_de\/analytics\/<\/a><\/p>\n<p>Google Analytics<\/p>\n<p>Diese Website benutzt Google Analytics, einen Webanalysedienst der Google Inc. (\u201eGoogle\u201c). Google Analytics verwendet sog. \u201eCookies\u201c, Textdateien, die auf Ihrem Computer gespeichert werden und die eine Analyse der Benutzung der Website durch Sie ermo\u0308glichen. Die durch den Cookie erzeugten Informationen \u00fcber Ihre Benutzung dieser Website werden in der Regel an einen Server von Google in den USA \u00fcbertragen und dort gespeichert. Im Falle der Aktivierung der IP-Anonymisierung auf dieser Webseite, wird Ihre IP-Adresse von Google jedoch innerhalb von Mitgliedstaaten der Europ\u00e4ischen Union oder in anderen Vertragsstaaten des Abkommens u\u0308ber den Europa\u0308ischen Wirtschaftsraum zuvor gek\u00fcrzt. Nur in Ausnahmef\u00e4llen wird die volle IP- Adresse an einen Server von Google in den USA \u00fcbertragen und dort gek\u00fcrzt. Im Auftrag des Betreibers dieser Website wird Google diese Informationen benutzen, um Ihre Nutzung der Website auszuwerten, um Reports u\u0308ber die Websiteaktivita\u0308ten zusammenzustellen und um weitere mit der Websitenutzung und der Internetnutzung verbundene Dienstleistungen gegen\u00fcber dem Websitebetreiber zu erbringenDie im Rahmen von Google Analytics von Ihrem Browser \u00fcbermittelte IP-Adresse wird nicht mit anderen Daten von Google zusammengef\u00fchrt. Sie k\u00f6nnen die Speicherung der Cookies durch eine entsprechende Einstellung Ihrer Browser-Software verhindern; wir weisen Sie jedoch darauf hin, dass Sie in diesem Fall gegebenenfalls nicht s\u00e4mtliche Funktionen dieser Website vollumf\u00e4nglich werden nutzen k\u00f6nnen. Sie k\u00f6nnen dar\u00fcber hinaus die Erfassung der durch das Cookie erzeugten und auf Ihre Nutzung der Website bezogenen Daten (inkl. Ihrer IP-Adresse) an Google sowie die Verarbeitung dieser Daten durch Google verhindern, indem sie das unter dem folgenden Link verf\u00fcgbare Browser-Plugin herunterladen und installieren: <a href=\"https:\/\/tools.google.com\/dlpage\/gaoptout?hl=de\">tools.google.com\/dlpage\/gaoptout<\/a><\/p>\n<p>1und1<\/p>\n<p><a href=\"https:\/\/account.1und1.de\/?redirect_url=https%3A%2F%2Fanalytics.1und1.de%2F\">https:\/\/account.1und1.de\/?redirect_url=https%3A%2F%2Fanalytics.1und1.de%2F<\/a><\/p>\n<p>Dazu werden Cookies verwendet, die eine Analyse der Benutzung der Website durch Ihre Benutzer erm\u00f6glicht. Die dadurch erzeugten Informationen werden auf den Server des Anbieters \u00fcbertragen und dort gespeichert.<\/p>\n<p>Sie k\u00f6nnen dies verhindern, indem Sie Ihren Browser so einrichten, dass keine Cookies gespeichert werden.<\/p>\n<p>Die Datenverarbeitung erfolgt auf Basis der gesetzlichen Bestimmungen des \u00a7 96 Abs 3 TKG sowie des Art 6 Abs 1 lit a (Einwilligung) und\/oder f (berechtigtes Interesse) der DSGVO.<\/p>\n<p><strong>Newsletter<\/strong><\/p>\n<p>Sie haben die M\u00f6glichkeit, \u00fcber unsere Website unseren Newsletter zu abonnieren. Hierf\u00fcr ben\u00f6tigen wir Ihre E-Mail-Adresse und ihre Erkl\u00e4rung, dass Sie mit dem Bezug des Newsletters einverstanden sind.<\/p>\n<p>Um Sie zielgerichtet mit Informationen zu versorgen, erheben und verarbeiten wir au\u00dferdem freiwillig gemachte Angaben zu besuchten Kursen, Telefonnummer, E-Mail-Adresse und Postleitzahl.<\/p>\n<p>Sobald Sie sich f\u00fcr den Newsletter angemeldet haben, senden wir Ihnen ein Best\u00e4tigungs-E-Mail mit einem Link zur Best\u00e4tigung der Anmeldung.<\/p>\n<p>Das Abo des Newsletters k\u00f6nnen Sie jederzeit stornieren. Senden Sie Ihre Stornierung bitte an folgende E-Mail-Adresse: <em>&#x6f;&#x66;&#x66;&#x69;&#x63;&#x65;&#x40;&#x61;&#x68;&#x65;&#x79;&#x65;&#x72;&#x2e;&#x64;&#x65;<\/em>. Wir l\u00f6schen anschlie\u00dfend umgehend Ihre Daten im Zusammenhang mit dem Newsletter-Versand.<\/p>\n<p><strong>Ihre Rechte<\/strong><\/p>\n<p>Ihnen stehen grunds\u00e4tzlich die Rechte auf Auskunft, Berichtigung, L\u00f6schung, Einschr\u00e4nkung, Daten\u00fcbertragbarkeit, Widerruf und Widerspruch zu. Wenn Sie glauben, dass die Verarbeitung Ihrer Daten gegen das Datenschutzrecht verst\u00f6\u00dft oder Ihre datenschutzrechtlichen Anspr\u00fcche sonst in einer Weise verletzt worden sind, k\u00f6nnen Sie sich bei der Aufsichtsbeh\u00f6rde beschweren. In Deutschland ist dies die Datenschutzbeh\u00f6rde.<\/p>\n<p><strong>Sie erreichen uns unter folgenden Kontaktdaten: <\/strong><\/p>\n<p>Kompetenzzentrum f\u00fcr l\u00f6sungsfokussierte Prozesse<\/p>\n<p>Inhaber: Anita und Andreas Heyer<\/p>\n<p>Lindenallee 7<br \/>\n61350 Bad Homburg<br \/>\nDeutschland<\/p>\n<p>Telefon: 06172 996423<\/p>\n<p>E-Mail: of&#102;&#105;&#99;&#x65;&#x40;&#x61;&#x68;ey&#101;&#114;&#46;&#x64;&#x65;<\/p>\n<p>Umsatzsteuer-Identifikationsnummer: DE 220 733 485<\/p>\n<p>Steuernummer 003 827 32354<\/p>\n","protected":false},"excerpt":{"rendered":"<p>Impressum Kompetenzzentrum f\u00fcr l\u00f6sungsfokussierte Prozesse Inhaber: Anita und Andreas Heyer Lindenallee 7 61350 Bad Homburg Deutschland Telefon: 06172 996423 E-Mail: &#x6f;&#102;&#x66;&#x69;&#99;&#x65;&#x40;&#97;&#x68;&#x65;&#121;&#x65;&#x72;&#46;&#x64;&#x65; Umsatzsteuer-Identifikationsnummer: DE 220733485 Berufshaftpflichtversicherung: HDI Versicherungen AG HDI-Platz 1 30659 Hannover Der r\u00e4umliche Geltungsbereich des Versicherungsschutzes umfasst T\u00e4tigkeiten in Deutschland. Die Europ\u00e4ische Kommission stellt eine Plattform zur Online-Streitbeilegung (OS) bereit, die Sie hier finden &hellip; <a href=\"https:\/\/aheyer.de\/?page_id=240\" class=\"more-link\"><span class=\"screen-reader-text\">&#8222;Impressum und Datenschutzerkl\u00e4rung&#8220; <\/span>weiterlesen<\/a><\/p>\n","protected":false},"author":1,"featured_media":0,"parent":0,"menu_order":0,"comment_status":"closed","ping_status":"closed","template":"","meta":{"footnotes":""},"class_list":["post-240","page","type-page","status-publish","hentry"],"_links":{"self":[{"href":"https:\/\/aheyer.de\/index.php?rest_route=\/wp\/v2\/pages\/240","targetHints":{"allow":["GET"]}}],"collection":[{"href":"https:\/\/aheyer.de\/index.php?rest_route=\/wp\/v2\/pages"}],"about":[{"href":"https:\/\/aheyer.de\/index.php?rest_route=\/wp\/v2\/types\/page"}],"author":[{"embeddable":true,"href":"https:\/\/aheyer.de\/index.php?rest_route=\/wp\/v2\/users\/1"}],"replies":[{"embeddable":true,"href":"https:\/\/aheyer.de\/index.php?rest_route=%2Fwp%2Fv2%2Fcomments&post=240"}],"version-history":[{"count":2,"href":"https:\/\/aheyer.de\/index.php?rest_route=\/wp\/v2\/pages\/240\/revisions"}],"predecessor-version":[{"id":384,"href":"https:\/\/aheyer.de\/index.php?rest_route=\/wp\/v2\/pages\/240\/revisions\/384"}],"wp:attachment":[{"href":"https:\/\/aheyer.de\/index.php?rest_route=%2Fwp%2Fv2%2Fmedia&parent=240"}],"curies":[{"name":"wp","href":"https:\/\/api.w.org\/{rel}","templated":true}]}}