{"id":266,"date":"2018-03-26T08:44:57","date_gmt":"2018-03-26T15:44:57","guid":{"rendered":"http:\/\/nlp-inbewegung.com\/?page_id=266"},"modified":"2020-05-04T12:01:32","modified_gmt":"2020-05-04T10:01:32","slug":"agb","status":"publish","type":"page","link":"https:\/\/aheyer.de\/?page_id=266","title":{"rendered":"AGB"},"content":{"rendered":"<p><strong>Allgemeine Gesch\u00e4ftsbedingungen<\/strong><\/p>\n<p><strong> Geltungsbereich<\/strong><\/p>\n<p>F\u00fcr alle Vorg\u00e4nge, die \u00fcber unsere Webseite durch Verbraucher, Teilnehmer und Unternehmer angefragt, bestellt oder abgewickelt werden gelten die nachfolgenden AGB.<\/p>\n<p>Verbraucher, Teilnehmer ist jede nat\u00fcrliche Person, die ein Rechtsgesch\u00e4ft zu Zwecken abschlie\u00dft, die \u00fcberwiegend weder ihrer gewerblichen noch ihrer selbst\u00e4ndigen beruflichen T\u00e4tigkeit zugerechnet werden k\u00f6nnen. Unternehmer ist eine nat\u00fcrliche oder juristische Person oder eine rechtsf\u00e4hige Personengesellschaft, die bei Abschluss eines Rechtsgesch\u00e4fts in Aus\u00fcbung ihrer gewerblichen oder selbst\u00e4ndigen beruflichen T\u00e4tigkeit handelt.<\/p>\n<p>Gegen\u00fcber Unternehmern gelten diese AGB auch f\u00fcr k\u00fcnftige Gesch\u00e4ftsbeziehungen, ohne dass wir nochmals auf sie hinweisen m\u00fcssten. Verwendet der Unternehmer entgegenstehende oder erg\u00e4nzende Allgemeine Gesch\u00e4ftsbedingungen, wird deren Geltung hiermit widersprochen; sie werden nur dann Vertragsbestandteil, wenn wir dem ausdr\u00fccklich zugestimmt haben.<\/p>\n<p><strong> Vertragspartner, Vertragsschluss<\/strong><\/p>\n<p>Der Vertrag kommt zustande mit: Kompetenzzentrum f\u00fcr l\u00f6sungsfokussierte Prozesse, Anita und Andreas Heyer.<\/p>\n<p>Mit Einstellung der Angebote auf den Webseiten geben wir ein verbindliches Angebot zum Vertragsschluss ab. Der Vertrag kommt zustande, indem Sie durch Absenden des Kontaktformulars das Angebot \u00fcber die auf den Webseiten enthaltenen Angebote annehmen. Ist der Auftrag, die Anmeldung engenommen, erhalten Sie noch einmal eine Best\u00e4tigung per E-Mail.<\/p>\n<p><strong> Vertragssprache, Vertragstextspeicherung<\/strong><br \/>\nDie f\u00fcr den Vertragsschluss zur Verf\u00fcgung stehende Sprache ist Deutsch.<\/p>\n<p>Wir speichern den Vertragstext und senden Ihnen die Bestelldaten und unsere AGB per E-Mail zu. Der Vertragstext ist aus Sicherheitsgr\u00fcnden nicht mehr \u00fcber das Internet zug\u00e4nglich.<\/p>\n<p><strong> Lieferbedingungen<\/strong><\/p>\n<p>(Nur g\u00fcltig f\u00fcr Medien\/Produkte) Zuz\u00fcglich zu den angegebenen Produktpreisen k\u00f6nnen noch Versandkosten hinzukommen. N\u00e4heres zur H\u00f6he der Versandkosten erfahren Sie bei den Angeboten.<\/p>\n<p><strong> Bezahlung<\/strong><\/p>\n<p>Bei unseren Angeboten stehen Ihnen grunds\u00e4tzlich die folgenden Zahlungsarten zur Verf\u00fcgung:<\/p>\n<p><strong>Vorkasse<\/strong><br \/>\nBei Auswahl der Zahlungsart Vorkasse nennen wir Ihnen unsere Bankverbindung in separater E-Mail.<\/p>\n<p>Bezahlung auf Rechnung. Nach Erhalt ist die Rechnung sofort oder zum angegebenen Datum zu \u00fcberweisen. Kursgeb\u00fchren m\u00fcssen sp\u00e4testens 10 Tage vor Kursbeginn beglichen sein.<\/p>\n<p><strong>Gew\u00e4hrleistung bei Nichterf\u00fcllung eines Angebotes<\/strong><\/p>\n<p>F\u00e4llt ein Angebot (Seminar, Kurs) komplett aus, so wird die gezahlte Summe innerhalb von 10 Tagen auf das Ursprungskonto r\u00fcck\u00fcberwiesen. Bei Teilerf\u00fcllung wird er gezahlte Betrag anteilig der Leistung r\u00fcck\u00fcberwiesen.<\/p>\n<p>Ausgenommen sind Nichterf\u00fcllung bedingt durch Einfl\u00fcsse einer h\u00f6heren Gewalt.<\/p>\n<p><strong>Eigentumsvorbehalt<\/strong><\/p>\n<p>Waren und\/oder Leistungen bleiben bis zur vollst\u00e4ndigen Bezahlung unser Eigentum.<br \/>\nF\u00fcr Unternehmer gilt erg\u00e4nzend: Wir behalten uns das Eigentum an der Ware bis zur vollst\u00e4ndigen Begleichung aller Forderungen aus einer laufenden Gesch\u00e4ftsbeziehung vor. Bei Prokukten: Sie d\u00fcrfen die Vorbehaltsware im ordentlichen Gesch\u00e4ftsbetrieb weiterver\u00e4u\u00dfern; s\u00e4mtliche aus diesem Weiterverkauf entstehenden Forderungen treten Sie &#8211; unabh\u00e4ngig von einer Verbindung oder Vermischung der Vorbehaltsware mit einer neuen Sache &#8211; in H\u00f6he des Rechnungsbetrages an uns im Voraus ab, und wir nehmen diese Abtretung an. Sie bleiben zur Einziehung der Forderungen erm\u00e4chtigt, wir d\u00fcrfen Forderungen jedoch auch selbst einziehen, soweit Sie Ihren Zahlungsverpflichtungen nicht nachkommen.<\/p>\n<p><strong> Gew\u00e4hrleistung und Garantien<\/strong><\/p>\n<p>Es gilt das gesetzliche M\u00e4ngelhaftungsrecht. Informationen zu gegebenenfalls geltenden zus\u00e4tzlichen Garantien und deren genaue Bedingungen finden Sie jeweils beim Produkt und auf besonderen Informationsseiten im Onlineshop.<\/p>\n<p><strong> Verhaltenskodex<\/strong><\/p>\n<p>Folgenden Verhaltenskodizes haben wir uns unterworfen:<br \/>\nForum Werteorientierung<br \/>\n<a href=\"https:\/\/forumwerteorientierung.de\/%20\">https:\/\/forumwerteorientierung.de\/<\/a><\/p>\n<p><strong> Streitbeilegung<\/strong><\/p>\n<p>Die Europ\u00e4ische Kommission stellt eine Plattform zur Online-Streitbeilegung (OS) bereit, die Sie hier finden <a href=\"https:\/\/ec.europa.eu\/consumers\/odr\/\">https:\/\/ec.europa.eu\/consumers\/odr\/<\/a>.<br \/>\nZur Teilnahme an einem Streitbeilegungsverfahren vor einer Verbraucherschlichtungsstelle sind wir nicht verpflichtet und nicht bereit.<\/p>\n<p><strong> Schlussbestimmungen<\/strong><\/p>\n<p>Sind Sie Unternehmer, dann gilt deutsches Recht unter Ausschluss des UN-Kaufrechts.<\/p>\n<p>Sind Sie Kaufmann im Sinne des Handelsgesetzbuches, juristische Person des \u00f6ffentlichen Rechts oder \u00f6ffentlich-rechtliches Sonderverm\u00f6gen, ist ausschlie\u00dflicher Gerichtsstand f\u00fcr alle Streitigkeiten aus Vertragsverh\u00e4ltnissen zwischen uns und Ihnen unser Gesch\u00e4ftssitz.<\/p>\n<pre>Aktualisiert im Mai 2019<\/pre>\n","protected":false},"excerpt":{"rendered":"<p>Allgemeine Gesch\u00e4ftsbedingungen Geltungsbereich F\u00fcr alle Vorg\u00e4nge, die \u00fcber unsere Webseite durch Verbraucher, Teilnehmer und Unternehmer angefragt, bestellt oder abgewickelt werden gelten die nachfolgenden AGB. Verbraucher, Teilnehmer ist jede nat\u00fcrliche Person, die ein Rechtsgesch\u00e4ft zu Zwecken abschlie\u00dft, die \u00fcberwiegend weder ihrer gewerblichen noch ihrer selbst\u00e4ndigen beruflichen T\u00e4tigkeit zugerechnet werden k\u00f6nnen. Unternehmer ist eine nat\u00fcrliche oder juristische &hellip; <a href=\"https:\/\/aheyer.de\/?page_id=266\" class=\"more-link\"><span class=\"screen-reader-text\">&#8222;AGB&#8220; <\/span>weiterlesen<\/a><\/p>\n","protected":false},"author":1,"featured_media":0,"parent":0,"menu_order":0,"comment_status":"closed","ping_status":"closed","template":"","meta":{"footnotes":""},"class_list":["post-266","page","type-page","status-publish","hentry"],"_links":{"self":[{"href":"https:\/\/aheyer.de\/index.php?rest_route=\/wp\/v2\/pages\/266","targetHints":{"allow":["GET"]}}],"collection":[{"href":"https:\/\/aheyer.de\/index.php?rest_route=\/wp\/v2\/pages"}],"about":[{"href":"https:\/\/aheyer.de\/index.php?rest_route=\/wp\/v2\/types\/page"}],"author":[{"embeddable":true,"href":"https:\/\/aheyer.de\/index.php?rest_route=\/wp\/v2\/users\/1"}],"replies":[{"embeddable":true,"href":"https:\/\/aheyer.de\/index.php?rest_route=%2Fwp%2Fv2%2Fcomments&post=266"}],"version-history":[{"count":2,"href":"https:\/\/aheyer.de\/index.php?rest_route=\/wp\/v2\/pages\/266\/revisions"}],"predecessor-version":[{"id":333,"href":"https:\/\/aheyer.de\/index.php?rest_route=\/wp\/v2\/pages\/266\/revisions\/333"}],"wp:attachment":[{"href":"https:\/\/aheyer.de\/index.php?rest_route=%2Fwp%2Fv2%2Fmedia&parent=266"}],"curies":[{"name":"wp","href":"https:\/\/api.w.org\/{rel}","templated":true}]}}