{"id":27,"date":"2017-06-30T15:57:33","date_gmt":"2017-06-30T22:57:33","guid":{"rendered":"http:\/\/nlp-inbewegung.com\/?page_id=27"},"modified":"2020-10-10T18:04:20","modified_gmt":"2020-10-10T16:04:20","slug":"fuhrungskrafte-coaching","status":"publish","type":"page","link":"https:\/\/aheyer.de\/?page_id=27","title":{"rendered":"Coaching f\u00fcr F\u00fchrungskr\u00e4fte"},"content":{"rendered":"<p>F\u00fchrungskr\u00e4fte zu sehen als als \u201eAgenten\u201c, die \u00a0vermitteln zwischen den Aufgaben, die die Organisation an sie stellt und zwischen den Bed\u00fcrfnissen, die die Mitarbeiter formulieren. \u201eVerk\u00f6rperte Modelle\u201c, Projektionsfl\u00e4chen von hilfreichem Priming\/ Aufmerksamkeits- Fokussierungen, z.B. in Teams.<br \/>\nOb sie wollen oder nicht, sind F\u00fchrungskr\u00e4fte:<\/p>\n<ul>\n<li>Orchesterleiter<\/li>\n<li>Kontext-Architekten<\/li>\n<li>Interaktions- und Kontext- Manager<\/li>\n<li>Emotions- Manager<\/li>\n<li>Motivations- Manager<\/li>\n<li>Visions- Manager<\/li>\n<li>Kompetenz- Aktivierungs- Manager<\/li>\n<\/ul>\n<p>Einzel-Termine nach Absprache.<\/p>\n<p>In-House Termine: Bitte fordern Sie ein Angebot an!<\/p>\n","protected":false},"excerpt":{"rendered":"<p>F\u00fchrungskr\u00e4fte zu sehen als als \u201eAgenten\u201c, die \u00a0vermitteln zwischen den Aufgaben, die die Organisation an sie stellt und zwischen den Bed\u00fcrfnissen, die die Mitarbeiter formulieren. \u201eVerk\u00f6rperte Modelle\u201c, Projektionsfl\u00e4chen von hilfreichem Priming\/ Aufmerksamkeits- Fokussierungen, z.B. in Teams. Ob sie wollen oder nicht, sind F\u00fchrungskr\u00e4fte: Orchesterleiter Kontext-Architekten Interaktions- und Kontext- Manager Emotions- Manager Motivations- Manager Visions- Manager &hellip; <a href=\"https:\/\/aheyer.de\/?page_id=27\" class=\"more-link\"><span class=\"screen-reader-text\">&#8222;Coaching f\u00fcr F\u00fchrungskr\u00e4fte&#8220; <\/span>weiterlesen<\/a><\/p>\n","protected":false},"author":1,"featured_media":0,"parent":0,"menu_order":0,"comment_status":"closed","ping_status":"closed","template":"","meta":{"footnotes":""},"class_list":["post-27","page","type-page","status-publish","hentry"],"_links":{"self":[{"href":"https:\/\/aheyer.de\/index.php?rest_route=\/wp\/v2\/pages\/27","targetHints":{"allow":["GET"]}}],"collection":[{"href":"https:\/\/aheyer.de\/index.php?rest_route=\/wp\/v2\/pages"}],"about":[{"href":"https:\/\/aheyer.de\/index.php?rest_route=\/wp\/v2\/types\/page"}],"author":[{"embeddable":true,"href":"https:\/\/aheyer.de\/index.php?rest_route=\/wp\/v2\/users\/1"}],"replies":[{"embeddable":true,"href":"https:\/\/aheyer.de\/index.php?rest_route=%2Fwp%2Fv2%2Fcomments&post=27"}],"version-history":[{"count":6,"href":"https:\/\/aheyer.de\/index.php?rest_route=\/wp\/v2\/pages\/27\/revisions"}],"predecessor-version":[{"id":517,"href":"https:\/\/aheyer.de\/index.php?rest_route=\/wp\/v2\/pages\/27\/revisions\/517"}],"wp:attachment":[{"href":"https:\/\/aheyer.de\/index.php?rest_route=%2Fwp%2Fv2%2Fmedia&parent=27"}],"curies":[{"name":"wp","href":"https:\/\/api.w.org\/{rel}","templated":true}]}}