{"id":33,"date":"2017-06-30T16:00:42","date_gmt":"2017-06-30T23:00:42","guid":{"rendered":"http:\/\/nlp-inbewegung.com\/?page_id=33"},"modified":"2020-05-04T12:18:40","modified_gmt":"2020-05-04T10:18:40","slug":"coaching","status":"publish","type":"page","link":"https:\/\/aheyer.de\/?page_id=33","title":{"rendered":"NLP &#8211; Coaching"},"content":{"rendered":"<h2>Was ist Coaching?<\/h2>\n<p>Coaching beinhaltet eine professionelle Begleitung im Vieraugengespr\u00e4ch.<br \/>\nGe\u00fcbte Coaches zeichnen sich dadurch aus, dass sie ihre Gespr\u00e4chspartner bewusst lenken. Eine Auswahl kann sein, durch geschicktes Fragen ins Ziel, ins Problem oder in Ressourcen\/F\u00e4hikgeiten zu f\u00fchren.<\/p>\n<p>Ziel:<br \/>\nWas soll erreicht werden? Was sind die Auswirkungen?<br \/>\n<span class=\"absatz\">&nbsp;<\/span><br \/>\nProblem:<br \/>\nWas ist das Schlimmste, was passieren k\u00f6nnte? Wie k\u00f6nnen Sie das Problem vergr\u00f6\u00dfern<br \/>\n<span class=\"absatz\">&nbsp;<\/span><br \/>\nRessourcen\/F\u00e4higkeiten:<br \/>\nWas ist bisher gemacht worden? Was ist noch ausbauf\u00e4hig oder ungenutzt? Was funktioniert?<br \/>\n<span class=\"absatz\">&nbsp;<\/span><br \/>\n<a href=\"http:\/\/www.aheyer.de\/index.php?spath=107&amp;usr=tbsheyer&amp;\">Termine nach Absprache<\/a>.<\/p>\n","protected":false},"excerpt":{"rendered":"<p>Was ist Coaching? Coaching beinhaltet eine professionelle Begleitung im Vieraugengespr\u00e4ch. Ge\u00fcbte Coaches zeichnen sich dadurch aus, dass sie ihre Gespr\u00e4chspartner bewusst lenken. Eine Auswahl kann sein, durch geschicktes Fragen ins Ziel, ins Problem oder in Ressourcen\/F\u00e4hikgeiten zu f\u00fchren. Ziel: Was soll erreicht werden? Was sind die Auswirkungen? &nbsp; Problem: Was ist das Schlimmste, was passieren &hellip; <a href=\"https:\/\/aheyer.de\/?page_id=33\" class=\"more-link\"><span class=\"screen-reader-text\">&#8222;NLP &#8211; Coaching&#8220; <\/span>weiterlesen<\/a><\/p>\n","protected":false},"author":1,"featured_media":0,"parent":0,"menu_order":0,"comment_status":"closed","ping_status":"closed","template":"","meta":{"footnotes":""},"class_list":["post-33","page","type-page","status-publish","hentry"],"_links":{"self":[{"href":"https:\/\/aheyer.de\/index.php?rest_route=\/wp\/v2\/pages\/33","targetHints":{"allow":["GET"]}}],"collection":[{"href":"https:\/\/aheyer.de\/index.php?rest_route=\/wp\/v2\/pages"}],"about":[{"href":"https:\/\/aheyer.de\/index.php?rest_route=\/wp\/v2\/types\/page"}],"author":[{"embeddable":true,"href":"https:\/\/aheyer.de\/index.php?rest_route=\/wp\/v2\/users\/1"}],"replies":[{"embeddable":true,"href":"https:\/\/aheyer.de\/index.php?rest_route=%2Fwp%2Fv2%2Fcomments&post=33"}],"version-history":[{"count":3,"href":"https:\/\/aheyer.de\/index.php?rest_route=\/wp\/v2\/pages\/33\/revisions"}],"predecessor-version":[{"id":389,"href":"https:\/\/aheyer.de\/index.php?rest_route=\/wp\/v2\/pages\/33\/revisions\/389"}],"wp:attachment":[{"href":"https:\/\/aheyer.de\/index.php?rest_route=%2Fwp%2Fv2%2Fmedia&parent=33"}],"curies":[{"name":"wp","href":"https:\/\/api.w.org\/{rel}","templated":true}]}}