{"id":35,"date":"2017-06-30T16:09:42","date_gmt":"2017-06-30T23:09:42","guid":{"rendered":"http:\/\/nlp-inbewegung.com\/?page_id=35"},"modified":"2018-12-19T18:11:11","modified_gmt":"2018-12-19T17:11:11","slug":"ausbildung","status":"publish","type":"page","link":"https:\/\/aheyer.de\/?page_id=35","title":{"rendered":"Ausbildung"},"content":{"rendered":"<blockquote><p><strong>Eine NLP-Ausbildung ist sinnvoll f\u00fcr Menschen, die in Kommunikation mit anderen Menschen sind und ihre eigenen F\u00e4higkeiten erweitern m\u00f6chten.<\/strong><\/p><\/blockquote>\n<h2><strong><span style=\"color: #ff9900;\">NLP Weiterbildung<\/span><\/strong><\/h2>\n<p>Die Zertifikatsausbildungen im Kompetenzzentrum f\u00fcr l\u00f6sungsfokussierte Prozesse bereiten Sie umfassend, l\u00f6sungsorientiert und praxisnah auf Ihre T\u00e4tigkeit oder die gew\u00fcnschte Anwendung vor.<\/p>\n<p>Starten Sie wie bereits hunderte andere Teilnehmer Ihre NLP Ausbildung und dokumentieren Sie Ihre Kompetenz \u2013 mit dem DVNLP Zertifikat.<br \/>\nSie aktivieren Ihre noch unentdeckten Potentiale, erwerben ein verankertes Verst\u00e4ndnis der NLP-Systemtheorie und entwickeln eine hohe Methoden- und Sozialkompetenz, um systemische Beratungsprozesse mit Einzelnen, Gruppen oder Teams professionell und erfolgreich zu gestalten.<\/p>\n<p>Durch Fallbeispiele und Gruppenarbeiten erproben und verankern Sie Ihr neu erworbenes Wissen und vernetzen sich gleichzeitig mit anderen Experten.<\/p>\n<p>&nbsp;<\/p>\n<h2><span style=\"color: #ff9900;\">NLP Kompetenzzentrum<\/span><\/h2>\n<p>Suchen Sie ein Kommunikationstraining mit ebenso hohem pers\u00f6nlichen wie beruflichen Gewinn?<br \/>\nHier gewinnen Sie an pers\u00f6nlicher, beruflicher und k\u00f6rperlicher Kompetenz.<br \/>\nW\u00fcnschen Sie Zeit zum Austauschen Ihrer Seminar-Erfahrungen mit anderen TeilnehmerInnen rund um die Uhr?<br \/>\nM\u00f6chten Sie sich fallen und Ihre Seele baumeln lassen?<br \/>\nDann sind Sie hier an der richtigen Adresse.<\/p>\n<h2><span style=\"color: #ff9900;\">Besondere Serviceleistungen<\/span><\/h2>\n<p>Wir erleben Sie ganzheitliche Lernmethoden, indem Sie&#8230;<\/p>\n<p>\u2022 an unserem X-CO-Walking teilnehmen k\u00f6nnen.<\/p>\n<p>\u2022 die M\u00f6glichkeit haben, &#8222;NLP-life&#8220; zu erleben.<\/p>\n<p>\u2022 Sie bei Bedarf Einzelcoachings zu Ihren Themen buchen k\u00f6nnen<\/p>\n<p>\u2022 Sie zus\u00e4tzlich Gasttrainer erleben k\u00f6nnen, die Ihnen Transferleistungen in unterschiedlichen<br \/>\nBerufsfeldern bieten.<\/p>\n<h2><span style=\"color: #ff9900;\">NLP Basiskurs<\/span><\/h2>\n<p>Sie lernen:<\/p>\n<p>\u2022\u201cWohlgeformt&#8220; Ziele zu definieren.<\/p>\n<p>\u2022\u00a0 Ziele so zu definieren, dass sie erreichbar sind.<\/p>\n<p>\u2022Kommunikation mit allen Sinnen: sind Sie ein Augenmensch, ein musischer Mensch oder eher der<br \/>\nBewegungs-Mensch, der mehr f\u00fchlen und erleben m\u00f6chte&#8230;<\/p>\n<p>\u2022 Tragf\u00e4higen Kontakt herzustellen und aufrechtzuerhalten.<\/p>\n<p>\u2022 Die eigene Wahrnehmung zu verbessern.<\/p>\n<p>\u2022Durch das Erkennen der Physiologien wissen Sie, ob Ihr Gespr\u00e4chspartner an das Problem, die L\u00f6sung,<br \/>\nseine F\u00e4higkeiten oder ans Ziel denkt.<\/p>\n<p>\u2022Vergangene Misserfolge durch die Erweiterung Ihrer F\u00e4higkeiten neu zu erleben und\/oder zuk\u00fcnftig zu<br \/>\nvermeiden.<\/p>\n<p>\u2022 Exzellente Situationen, Erfolge und Highlights f\u00fcr die Zukunft nutzbar zu machen.<\/p>\n<p>\u2022 Ungeliebte eigene Verhaltensweisen zu w\u00fcrdigen und\/oder zu ver\u00e4ndern.<\/p>\n<p>\u2022 Die &#8222;zwei Seelen&#8220; in Ihrer Brust zu w\u00fcrdigen und in Einklang zu bringen.<\/p>\n<p>\u2022 Sich selbst zum Erfolg zu coachen.<\/p>\n<p>\u2022 \u00c4ngste zu bew\u00e4ltigen, sich selbst zu ent-stressen.Anmeldung und Termine auf der Seite Anmeldung.<\/p>\n<h2><span style=\"color: #ff9900;\">Practitioner Training<\/span><\/h2>\n<p>Aufbauend auf den Basiskurs lernen Sie:<\/p>\n<p>\u2022 Flexibel Basis-Kommunikations-Techniken zu integrieren.<\/p>\n<p>\u2022 Den \u00bbrichtigen\u00ab Zeitpunkt f\u00fcr Ver\u00e4nderungen zu erkennen; Arbeit mit Vergangenheit, Gegenwart und<br \/>\nZukunft.<\/p>\n<p>\u2022 Hypnotische Sprachmuster<\/p>\n<p>\u2022 Kommunikation mit dem Unbewussten.<\/p>\n<p>\u2022 Meta Modell der Sprache, die Landkarte anderer Menschen zu hinterfragen.<\/p>\n<p>\u2022 Erkennen von Interaktionsmustern in zwischenmenschlichen Systemen.<\/p>\n<p>\u2022 Umgang mit gr\u00f6\u00dferen Systemen (Teams und Gruppen).<\/p>\n<p>\u2022 Schule des W\u00fcnschens: sich und anderen erlauben, W\u00fcnsche \u00bbannehmbar\u00ab zu formulieren.<\/p>\n<p>\u2022 Trennungsritual: Umgang mit Trennungen und Entscheidungen.<\/p>\n<p>\u2022 Strategiearbeit: Kreativit\u00e4t und Motivation nutzbar machen.<\/p>\n<p>\u2022 F\u00e4higkeitenb\u00f6rse: &#8222;Eigenlob stimmt&#8220;, Modell sein f\u00fcr F\u00e4higkeiten.<\/p>\n<p>\u2022 Erkennen und Ver\u00e4ndern von Glaubenss\u00e4tzen.<\/p>\n<p>\u2022 Submodalit\u00e4ten (Einf\u00fchrung in die neuen Ver\u00e4nderungstechniken des NLP).<\/p>\n<p>\u2022 Supervision.<\/p>\n<p>\u2022 Tasking und Testing. Abschluss mit Zertifikat und Siegel.<\/p>\n<h2><span style=\"color: #ff9900;\">Master Training<\/span><\/h2>\n<p>Aufbauend auf das Practitioner-Training lernen Sie:<\/p>\n<p>\u2022 Flexibel Practitioner-Techniken zu integrieren und zu kombinieren.<\/p>\n<p>\u2022 Erweiterte Arbeit mit Vergangenheit, Gegenwart und Zukunft.<\/p>\n<p>\u2022 Arbeit mit Einstellungen, Glaubenssystemen und Glaubenss\u00e4tzen.<\/p>\n<p>\u2022 Meta-Programme, d.h. Wahrnehmungsfilter und Denkprogramme wahrnehmen und nutzen.<\/p>\n<p>\u2022 Erkennen von Meta-Programmen in zwischenmenschlichen Systemen, speziell in gr\u00f6\u00dferen Systemen<br \/>\n(Teams und Gruppen).<\/p>\n<p>\u2022 Slight-of-Mouth-Patterns, Sprachmuster nutzen, um fehlgeformte Glaubenss\u00e4tze zu ver\u00e4ndern.<\/p>\n<p>\u2022 Erweiterte Submodalit\u00e4tsarbeit, Swish, Phobie- und Traumata-Techniken.<\/p>\n<p>\u2022 Hierarchie der Grundwerte, Kernglaubenss\u00e4tze, die mit der eigenen Identit\u00e4t verbunden sind.<\/p>\n<p>\u2022 Einf\u00fchrung in Grundlagen der Arbeit mit Gruppen sowie Pr\u00e4sentationstechniken.<\/p>\n<p>\u2022 Pr\u00e4sentation, Demonstration von alltags- und berufsspezifischen Anwendungen.<\/p>\n<p>Integrierende Modelle, z.B. SCORE, SOAR, ROLE, etc.Abschluss mit Zertifikat und Siegel<\/p>\n<h2><span style=\"color: #ff9900;\">Coachingausbildung<\/span><\/h2>\n<p><strong><br \/>\n<\/strong>Termin und Inhalt auf Anfrage<\/p>\n<h2><span style=\"color: #ff9900;\">Veranstaltungsort<\/span><\/h2>\n<p>(wenn nicht anders angegeben) Lindenallee 7, 61350 Bad Homburg Ortsteil: Dornholzhausen<\/p>\n<p>Anerkannte Weiterbildungen. Umsatzsteuerbefreit nach \u00a7 4 Nr.21a)bb) des Umsatzsteuergesetzes.<\/p>\n","protected":false},"excerpt":{"rendered":"<p>Eine NLP-Ausbildung ist sinnvoll f\u00fcr Menschen, die in Kommunikation mit anderen Menschen sind und ihre eigenen F\u00e4higkeiten erweitern m\u00f6chten. NLP Weiterbildung Die Zertifikatsausbildungen im Kompetenzzentrum f\u00fcr l\u00f6sungsfokussierte Prozesse bereiten Sie umfassend, l\u00f6sungsorientiert und praxisnah auf Ihre T\u00e4tigkeit oder die gew\u00fcnschte Anwendung vor. Starten Sie wie bereits hunderte andere Teilnehmer Ihre NLP Ausbildung und dokumentieren Sie &hellip; <a href=\"https:\/\/aheyer.de\/?page_id=35\" class=\"more-link\"><span class=\"screen-reader-text\">&#8222;Ausbildung&#8220; <\/span>weiterlesen<\/a><\/p>\n","protected":false},"author":1,"featured_media":0,"parent":0,"menu_order":0,"comment_status":"closed","ping_status":"closed","template":"","meta":{"footnotes":""},"class_list":["post-35","page","type-page","status-publish","hentry"],"_links":{"self":[{"href":"https:\/\/aheyer.de\/index.php?rest_route=\/wp\/v2\/pages\/35","targetHints":{"allow":["GET"]}}],"collection":[{"href":"https:\/\/aheyer.de\/index.php?rest_route=\/wp\/v2\/pages"}],"about":[{"href":"https:\/\/aheyer.de\/index.php?rest_route=\/wp\/v2\/types\/page"}],"author":[{"embeddable":true,"href":"https:\/\/aheyer.de\/index.php?rest_route=\/wp\/v2\/users\/1"}],"replies":[{"embeddable":true,"href":"https:\/\/aheyer.de\/index.php?rest_route=%2Fwp%2Fv2%2Fcomments&post=35"}],"version-history":[{"count":17,"href":"https:\/\/aheyer.de\/index.php?rest_route=\/wp\/v2\/pages\/35\/revisions"}],"predecessor-version":[{"id":309,"href":"https:\/\/aheyer.de\/index.php?rest_route=\/wp\/v2\/pages\/35\/revisions\/309"}],"wp:attachment":[{"href":"https:\/\/aheyer.de\/index.php?rest_route=%2Fwp%2Fv2%2Fmedia&parent=35"}],"curies":[{"name":"wp","href":"https:\/\/api.w.org\/{rel}","templated":true}]}}