{"id":441,"date":"2020-10-17T07:20:00","date_gmt":"2020-10-17T05:20:00","guid":{"rendered":"https:\/\/aheyer.de\/?page_id=441"},"modified":"2020-10-10T17:52:49","modified_gmt":"2020-10-10T15:52:49","slug":"das-sagen-meine-teilnehmerinnen","status":"publish","type":"page","link":"https:\/\/aheyer.de\/?page_id=441","title":{"rendered":"Das sagen meine Teilnehmer*innen"},"content":{"rendered":"\t\t<div data-elementor-type=\"wp-page\" data-elementor-id=\"441\" class=\"elementor elementor-441\">\n\t\t\t\t\t\t<section class=\"elementor-section elementor-top-section elementor-element elementor-element-655bd2d elementor-section-boxed elementor-section-height-default elementor-section-height-default\" data-id=\"655bd2d\" data-element_type=\"section\" data-e-type=\"section\">\n\t\t\t\t\t\t<div class=\"elementor-container elementor-column-gap-default\">\n\t\t\t\t\t<div class=\"elementor-column elementor-col-100 elementor-top-column elementor-element elementor-element-f1263ce\" data-id=\"f1263ce\" data-element_type=\"column\" data-e-type=\"column\">\n\t\t\t<div class=\"elementor-widget-wrap elementor-element-populated\">\n\t\t\t\t\t\t<div class=\"elementor-element elementor-element-c7dfd4d elementor-widget elementor-widget-heading\" data-id=\"c7dfd4d\" data-element_type=\"widget\" data-e-type=\"widget\" data-widget_type=\"heading.default\">\n\t\t\t\t<div class=\"elementor-widget-container\">\n\t\t\t\t\t<h2 class=\"elementor-heading-title elementor-size-default\">Was meine Teilnehmer*innen sagen<\/h2>\t\t\t\t<\/div>\n\t\t\t\t<\/div>\n\t\t\t\t<div class=\"elementor-element elementor-element-c995029 elementor-widget elementor-widget-image\" data-id=\"c995029\" data-element_type=\"widget\" data-e-type=\"widget\" data-widget_type=\"image.default\">\n\t\t\t\t<div class=\"elementor-widget-container\">\n\t\t\t\t\t\t\t\t\t\t\t\t\t\t\t<img fetchpriority=\"high\" decoding=\"async\" width=\"300\" height=\"180\" src=\"https:\/\/aheyer.de\/wp-content\/uploads\/Stephanie-Heuser-300x180.jpg\" class=\"attachment-medium size-medium wp-image-502\" alt=\"\" srcset=\"https:\/\/aheyer.de\/wp-content\/uploads\/Stephanie-Heuser-300x180.jpg 300w, https:\/\/aheyer.de\/wp-content\/uploads\/Stephanie-Heuser.jpg 564w\" sizes=\"(max-width: 300px) 85vw, 300px\" \/>\t\t\t\t\t\t\t\t\t\t\t\t\t\t\t<\/div>\n\t\t\t\t<\/div>\n\t\t\t\t<div class=\"elementor-element elementor-element-2ff9357 elementor-widget elementor-widget-text-editor\" data-id=\"2ff9357\" data-element_type=\"widget\" data-e-type=\"widget\" data-widget_type=\"text-editor.default\">\n\t\t\t\t<div class=\"elementor-widget-container\">\n\t\t\t\t\t\t\t\t\t<p style=\"text-align: left;\"><span style=\"color: #ffffff;\">Als ich mich f\u00fcr den Basiskurs im September 2019 anmeldete, hatte ich nicht die leiseste Ahnung, dass ich mich damit auf eine bewegende und erkenntnisreiche Entdeckungsreise machen w\u00fcrde \u2013\u00a0 die hoffentlich nie endet.<\/span><\/p><p><span style=\"color: #ffffff;\">Dank Anita und NLP hat sich mein Blick auf die Welt ver\u00e4ndert. Mit ihrer echten und nahbaren Art schafft es Anita, das NLP-Wissen auf faszinierende Weise zu vermitteln. Dar\u00fcber hinaus inspiriert sie mich mit jeder Begegnung, mit jedem Gespr\u00e4ch zu einem wertsch\u00e4tzenden Blick auf das \u201eIch und Du\u201c.<\/span><\/p><p><span style=\"color: #ffffff;\">Ich begegne unterschiedlichen Perspektiven und Verhaltensweisen wertungsfreier, kann in Konfliktsituationen l\u00f6sungsfokussierter agieren und bin bewusster in meiner Kommunikation geworden. Im Gegenzug finde ich es spannend zu sehen, welche positiven Auswirkungen sich dadurch in meinem privaten wie beruflichen Umfeld zeigen.<\/span><\/p><p><span style=\"color: #ffffff;\">F\u00fcr mich ist NLP Kompass und Erdungspol zugleich und ich freue mich auf all das, was ich mit der Ausbildung zum Coach noch weiter entdecken kann.<\/span><\/p><p><span style=\"color: #ffffff;\">Stephanie Heuser <\/span><br \/><span style=\"color: #ffffff;\">Gesch\u00e4ftsf\u00fchrerin Beratung, PINK CARROTS<\/span><\/p>\t\t\t\t\t\t\t\t<\/div>\n\t\t\t\t<\/div>\n\t\t\t\t\t<\/div>\n\t\t<\/div>\n\t\t\t\t\t<\/div>\n\t\t<\/section>\n\t\t\t\t<section class=\"elementor-section elementor-top-section elementor-element elementor-element-fdbb566 elementor-section-boxed elementor-section-height-default elementor-section-height-default\" data-id=\"fdbb566\" data-element_type=\"section\" data-e-type=\"section\">\n\t\t\t\t\t\t<div class=\"elementor-container elementor-column-gap-default\">\n\t\t\t\t\t<div class=\"elementor-column elementor-col-100 elementor-top-column elementor-element elementor-element-8605e3b\" data-id=\"8605e3b\" data-element_type=\"column\" data-e-type=\"column\">\n\t\t\t<div class=\"elementor-widget-wrap elementor-element-populated\">\n\t\t\t\t\t\t<div class=\"elementor-element elementor-element-9672d5a elementor-widget elementor-widget-image\" data-id=\"9672d5a\" data-element_type=\"widget\" data-e-type=\"widget\" data-widget_type=\"image.default\">\n\t\t\t\t<div class=\"elementor-widget-container\">\n\t\t\t\t\t\t\t\t\t\t\t\t\t\t\t<img decoding=\"async\" width=\"200\" height=\"300\" src=\"https:\/\/aheyer.de\/wp-content\/uploads\/Saskia_078-200x300.jpg\" class=\"attachment-medium size-medium wp-image-443\" alt=\"\" srcset=\"https:\/\/aheyer.de\/wp-content\/uploads\/Saskia_078-200x300.jpg 200w, https:\/\/aheyer.de\/wp-content\/uploads\/Saskia_078-683x1024.jpg 683w, https:\/\/aheyer.de\/wp-content\/uploads\/Saskia_078-768x1152.jpg 768w, https:\/\/aheyer.de\/wp-content\/uploads\/Saskia_078-1024x1536.jpg 1024w, https:\/\/aheyer.de\/wp-content\/uploads\/Saskia_078-1365x2048.jpg 1365w, https:\/\/aheyer.de\/wp-content\/uploads\/Saskia_078-1200x1800.jpg 1200w, https:\/\/aheyer.de\/wp-content\/uploads\/Saskia_078-scaled.jpg 1707w\" sizes=\"(max-width: 200px) 85vw, 200px\" \/>\t\t\t\t\t\t\t\t\t\t\t\t\t\t\t<\/div>\n\t\t\t\t<\/div>\n\t\t\t\t<div class=\"elementor-element elementor-element-5a24964 elementor-widget elementor-widget-text-editor\" data-id=\"5a24964\" data-element_type=\"widget\" data-e-type=\"widget\" data-widget_type=\"text-editor.default\">\n\t\t\t\t<div class=\"elementor-widget-container\">\n\t\t\t\t\t\t\t\t\t<p><span style=\"color: #ffffff;\"><strong><span style=\"font-size: 11.0pt; font-family: 'Calibri','sans-serif'; mso-fareast-font-family: Calibri; mso-fareast-theme-font: minor-latin; mso-bidi-font-family: 'Times New Roman'; mso-ansi-language: DE; mso-fareast-language: DE; mso-bidi-language: AR-SA;\">Vor <\/span><span style=\"font-size: 11.0pt; font-family: 'Calibri','sans-serif'; mso-fareast-font-family: Calibri; mso-fareast-theme-font: minor-latin; mso-bidi-font-family: 'Times New Roman'; mso-ansi-language: DE; mso-fareast-language: DE; mso-bidi-language: AR-SA;\">unserer Zusammenarbeit war ich neugierig auf Dein NLP Seminar und<br>wie Du dieses umfangreiche Wissen vermitteln w\u00fcrdest. Davon wollte ich abh\u00e4ngig machen, ob ich noch vertiefende Ausbildungen bei Dir machen w\u00fcrde. Innerhalb des ersten Tages hast Du mich mit Deiner offenen, inspirierenden Art \u00fcberzeugt.<br>Du bist eine gro\u00dfartige Lehrerin, die sich nicht davor scheut, auch eigene<br>Themen als Beispiele mit anzuf\u00fchren. Durch Dein ehrliches Entgegenkommen hast Du eine besonders vertrauensvolle Basis geschaffen, in der wir uns \u00f6ffnen<br>konnten und an eigenen Themen arbeiten. Du hast viele Gedankenprozesse in mir angesto\u00dfen, so dass sich der Blickwinkel bei manch altem Thema grundlegend ver\u00e4ndert hat und ich gest\u00e4rkter neuen Herausforderungen entgegen blicke.<br>Dar\u00fcber hinaus konnte ich das bei Dir erlernte Wissen bereits bei anderen<br>anwenden und diese in Krisensituationen unterst\u00fctzen. Herzlichen Dank.<br>Saskia Osterhold,&nbsp;<\/span><span style=\"font-family: arial, sans-serif; font-size: 14px;\">Head of Sync Division &#8211; \u200eSchott Music GmbH &amp; Co. KG<\/span><\/strong><\/span><\/p>\t\t\t\t\t\t\t\t<\/div>\n\t\t\t\t<\/div>\n\t\t\t\t\t<\/div>\n\t\t<\/div>\n\t\t\t\t\t<\/div>\n\t\t<\/section>\n\t\t\t\t<section class=\"elementor-section elementor-top-section elementor-element elementor-element-bb7f03b elementor-section-boxed elementor-section-height-default elementor-section-height-default\" data-id=\"bb7f03b\" data-element_type=\"section\" data-e-type=\"section\">\n\t\t\t\t\t\t<div class=\"elementor-container elementor-column-gap-default\">\n\t\t\t\t\t<div class=\"elementor-column elementor-col-100 elementor-top-column elementor-element elementor-element-b878ae6\" data-id=\"b878ae6\" data-element_type=\"column\" data-e-type=\"column\">\n\t\t\t<div class=\"elementor-widget-wrap elementor-element-populated\">\n\t\t\t\t\t\t<div class=\"elementor-element elementor-element-109a6ad elementor-widget elementor-widget-image\" data-id=\"109a6ad\" data-element_type=\"widget\" data-e-type=\"widget\" data-widget_type=\"image.default\">\n\t\t\t\t<div class=\"elementor-widget-container\">\n\t\t\t\t\t\t\t\t\t\t\t\t\t\t\t<img decoding=\"async\" width=\"200\" height=\"300\" src=\"https:\/\/aheyer.de\/wp-content\/uploads\/Laura-200x300.jpg\" class=\"attachment-medium size-medium wp-image-475\" alt=\"\" srcset=\"https:\/\/aheyer.de\/wp-content\/uploads\/Laura-200x300.jpg 200w, https:\/\/aheyer.de\/wp-content\/uploads\/Laura.jpg 282w\" sizes=\"(max-width: 200px) 85vw, 200px\" \/>\t\t\t\t\t\t\t\t\t\t\t\t\t\t\t<\/div>\n\t\t\t\t<\/div>\n\t\t\t\t<div class=\"elementor-element elementor-element-f1d1dbd elementor-widget elementor-widget-text-editor\" data-id=\"f1d1dbd\" data-element_type=\"widget\" data-e-type=\"widget\" data-widget_type=\"text-editor.default\">\n\t\t\t\t<div class=\"elementor-widget-container\">\n\t\t\t\t\t\t\t\t\t<p><span style=\"color: #ffffff;\">Nun habe ich drei Mal den Basiskurs, verschiedene Coachings im beruflichen Kontext, den Practitioner und den Master hinter mir (und zum Gl\u00fcck den Coach noch vor mir) aber ich bin mir sicher, ich werde mit dem Lernen mein Leben lang nicht fertig. Ich empfinde die Begegnungen, die ich durch NLP hatte als so wertvoll: bei allen NLP-Seminaren habe ich tolle, spannende, offene und herzliche Menschen kennengelernt. Man h\u00f6rt Geschichten die den eigenen \u00e4hneln oder man lernt ganz neue kennen. Und vor allem bin ich mir selbst begegnet! Und das, immer wieder aufs Neue: durch mein Studium hinweg, meine Auslandsaufenthalte, meine Reisen, meine Beziehung, meinen Berufseinstig, die h\u00f6hen und Tiefen im beruflichen Kontext, meine Schwangerschaften und Geburten und nun in der Beziehung zu meinen Kindern \u2013 und NLP war meine Wegbegleiterin. NLP hat mir geholfen, meine Vergangenheit zu erforschen, sie ist an meiner Seite in der Gegenwart und sie plant mit mir meine Zukunft.\u00a0 Ich w\u00fcnsche allen Menschen einen Zugang zu sich selbst und den Mut,sich durch diese Kommunikationstechniken sich seinem inneren Schlachtfeld zu stellen.<\/span><\/p><p><span style=\"color: #ffffff;\">Laura Gleichmann,\u00a0 Regionales Kulturprogramm beim\u00a0\u00a0 3. \u00d6kumenischen Kirchentag 2021<\/span><\/p>\t\t\t\t\t\t\t\t<\/div>\n\t\t\t\t<\/div>\n\t\t\t\t\t<\/div>\n\t\t<\/div>\n\t\t\t\t\t<\/div>\n\t\t<\/section>\n\t\t\t\t<section class=\"elementor-section elementor-top-section elementor-element elementor-element-587ba0f elementor-section-boxed elementor-section-height-default elementor-section-height-default\" data-id=\"587ba0f\" data-element_type=\"section\" data-e-type=\"section\">\n\t\t\t\t\t\t<div class=\"elementor-container elementor-column-gap-default\">\n\t\t\t\t\t<div class=\"elementor-column elementor-col-100 elementor-top-column elementor-element elementor-element-264d65a\" data-id=\"264d65a\" data-element_type=\"column\" data-e-type=\"column\">\n\t\t\t<div class=\"elementor-widget-wrap\">\n\t\t\t\t\t\t\t<\/div>\n\t\t<\/div>\n\t\t\t\t\t<\/div>\n\t\t<\/section>\n\t\t\t\t<section class=\"elementor-section elementor-top-section elementor-element elementor-element-829d598 elementor-section-boxed elementor-section-height-default elementor-section-height-default\" data-id=\"829d598\" data-element_type=\"section\" data-e-type=\"section\">\n\t\t\t\t\t\t<div class=\"elementor-container elementor-column-gap-default\">\n\t\t\t\t\t<div class=\"elementor-column elementor-col-100 elementor-top-column elementor-element elementor-element-24ecd91\" data-id=\"24ecd91\" data-element_type=\"column\" data-e-type=\"column\">\n\t\t\t<div class=\"elementor-widget-wrap elementor-element-populated\">\n\t\t\t\t\t\t<div class=\"elementor-element elementor-element-469cdbc elementor-widget elementor-widget-image\" data-id=\"469cdbc\" data-element_type=\"widget\" data-e-type=\"widget\" data-widget_type=\"image.default\">\n\t\t\t\t<div class=\"elementor-widget-container\">\n\t\t\t\t\t\t\t\t\t\t\t\t\t\t\t<img loading=\"lazy\" decoding=\"async\" width=\"768\" height=\"1085\" src=\"https:\/\/aheyer.de\/wp-content\/uploads\/0001-768x1085.jpg\" class=\"attachment-medium_large size-medium_large wp-image-446\" alt=\"\" srcset=\"https:\/\/aheyer.de\/wp-content\/uploads\/0001-768x1085.jpg 768w, https:\/\/aheyer.de\/wp-content\/uploads\/0001-212x300.jpg 212w, https:\/\/aheyer.de\/wp-content\/uploads\/0001-725x1024.jpg 725w, https:\/\/aheyer.de\/wp-content\/uploads\/0001-1087x1536.jpg 1087w, https:\/\/aheyer.de\/wp-content\/uploads\/0001-1449x2048.jpg 1449w, https:\/\/aheyer.de\/wp-content\/uploads\/0001-1200x1695.jpg 1200w, https:\/\/aheyer.de\/wp-content\/uploads\/0001-scaled.jpg 1812w\" sizes=\"(max-width: 768px) 85vw, 768px\" \/>\t\t\t\t\t\t\t\t\t\t\t\t\t\t\t<\/div>\n\t\t\t\t<\/div>\n\t\t\t\t\t<\/div>\n\t\t<\/div>\n\t\t\t\t\t<\/div>\n\t\t<\/section>\n\t\t\t\t<section class=\"elementor-section elementor-top-section elementor-element elementor-element-1761f5c elementor-section-boxed elementor-section-height-default elementor-section-height-default\" data-id=\"1761f5c\" data-element_type=\"section\" data-e-type=\"section\">\n\t\t\t\t\t\t<div class=\"elementor-container elementor-column-gap-default\">\n\t\t\t\t\t<div class=\"elementor-column elementor-col-100 elementor-top-column elementor-element elementor-element-217e947\" data-id=\"217e947\" data-element_type=\"column\" data-e-type=\"column\">\n\t\t\t<div class=\"elementor-widget-wrap elementor-element-populated\">\n\t\t\t\t\t\t<div class=\"elementor-element elementor-element-a316a92 elementor-widget elementor-widget-image\" data-id=\"a316a92\" data-element_type=\"widget\" data-e-type=\"widget\" data-widget_type=\"image.default\">\n\t\t\t\t<div class=\"elementor-widget-container\">\n\t\t\t\t\t\t\t\t\t\t\t\t\t\t\t<img loading=\"lazy\" decoding=\"async\" width=\"768\" height=\"1085\" src=\"https:\/\/aheyer.de\/wp-content\/uploads\/0002-768x1085.jpg\" class=\"attachment-medium_large size-medium_large wp-image-447\" alt=\"\" srcset=\"https:\/\/aheyer.de\/wp-content\/uploads\/0002-768x1085.jpg 768w, https:\/\/aheyer.de\/wp-content\/uploads\/0002-212x300.jpg 212w, https:\/\/aheyer.de\/wp-content\/uploads\/0002-725x1024.jpg 725w, https:\/\/aheyer.de\/wp-content\/uploads\/0002-1087x1536.jpg 1087w, https:\/\/aheyer.de\/wp-content\/uploads\/0002-1449x2048.jpg 1449w, https:\/\/aheyer.de\/wp-content\/uploads\/0002-1200x1695.jpg 1200w, https:\/\/aheyer.de\/wp-content\/uploads\/0002-scaled.jpg 1812w\" sizes=\"(max-width: 768px) 85vw, 768px\" \/>\t\t\t\t\t\t\t\t\t\t\t\t\t\t\t<\/div>\n\t\t\t\t<\/div>\n\t\t\t\t\t<\/div>\n\t\t<\/div>\n\t\t\t\t\t<\/div>\n\t\t<\/section>\n\t\t\t\t<\/div>\n\t\t","protected":false},"excerpt":{"rendered":"<p>Was meine Teilnehmer*innen sagen Als ich mich f\u00fcr den Basiskurs im September 2019 anmeldete, hatte ich nicht die leiseste Ahnung, dass ich mich damit auf eine bewegende und erkenntnisreiche Entdeckungsreise machen w\u00fcrde \u2013&nbsp; die hoffentlich nie endet. Dank Anita und NLP hat sich mein Blick auf die Welt ver\u00e4ndert. Mit ihrer echten und nahbaren Art &hellip; <a href=\"https:\/\/aheyer.de\/?page_id=441\" class=\"more-link\"><span class=\"screen-reader-text\">&#8222;Das sagen meine Teilnehmer*innen&#8220; <\/span>weiterlesen<\/a><\/p>\n","protected":false},"author":2,"featured_media":0,"parent":35,"menu_order":0,"comment_status":"closed","ping_status":"closed","template":"elementor_canvas","meta":{"footnotes":""},"class_list":["post-441","page","type-page","status-publish","hentry"],"_links":{"self":[{"href":"https:\/\/aheyer.de\/index.php?rest_route=\/wp\/v2\/pages\/441","targetHints":{"allow":["GET"]}}],"collection":[{"href":"https:\/\/aheyer.de\/index.php?rest_route=\/wp\/v2\/pages"}],"about":[{"href":"https:\/\/aheyer.de\/index.php?rest_route=\/wp\/v2\/types\/page"}],"author":[{"embeddable":true,"href":"https:\/\/aheyer.de\/index.php?rest_route=\/wp\/v2\/users\/2"}],"replies":[{"embeddable":true,"href":"https:\/\/aheyer.de\/index.php?rest_route=%2Fwp%2Fv2%2Fcomments&post=441"}],"version-history":[{"count":21,"href":"https:\/\/aheyer.de\/index.php?rest_route=\/wp\/v2\/pages\/441\/revisions"}],"predecessor-version":[{"id":511,"href":"https:\/\/aheyer.de\/index.php?rest_route=\/wp\/v2\/pages\/441\/revisions\/511"}],"up":[{"embeddable":true,"href":"https:\/\/aheyer.de\/index.php?rest_route=\/wp\/v2\/pages\/35"}],"wp:attachment":[{"href":"https:\/\/aheyer.de\/index.php?rest_route=%2Fwp%2Fv2%2Fmedia&parent=441"}],"curies":[{"name":"wp","href":"https:\/\/api.w.org\/{rel}","templated":true}]}}