{"id":47,"date":"2017-06-30T16:57:07","date_gmt":"2017-06-30T23:57:07","guid":{"rendered":"http:\/\/nlp-inbewegung.com\/?page_id=47"},"modified":"2026-04-11T17:20:29","modified_gmt":"2026-04-11T15:20:29","slug":"veranstaltungen","status":"publish","type":"page","link":"https:\/\/aheyer.de\/?page_id=47","title":{"rendered":"Termine"},"content":{"rendered":"\t\t<div data-elementor-type=\"wp-page\" data-elementor-id=\"47\" class=\"elementor elementor-47\">\n\t\t\t\t\t\t<section class=\"elementor-section elementor-top-section elementor-element elementor-element-66ca0aca elementor-section-boxed elementor-section-height-default elementor-section-height-default\" data-id=\"66ca0aca\" data-element_type=\"section\" data-e-type=\"section\">\n\t\t\t\t\t\t<div class=\"elementor-container elementor-column-gap-default\">\n\t\t\t\t\t<div class=\"elementor-column elementor-col-100 elementor-top-column elementor-element elementor-element-620727ff\" data-id=\"620727ff\" data-element_type=\"column\" data-e-type=\"column\">\n\t\t\t<div class=\"elementor-widget-wrap elementor-element-populated\">\n\t\t\t\t\t\t<div class=\"elementor-element elementor-element-504e113 elementor-widget-divider--view-line elementor-widget elementor-widget-divider\" data-id=\"504e113\" data-element_type=\"widget\" data-e-type=\"widget\" data-widget_type=\"divider.default\">\n\t\t\t\t<div class=\"elementor-widget-container\">\n\t\t\t\t\t\t\t<div class=\"elementor-divider\">\n\t\t\t<span class=\"elementor-divider-separator\">\n\t\t\t\t\t\t<\/span>\n\t\t<\/div>\n\t\t\t\t\t\t<\/div>\n\t\t\t\t<\/div>\n\t\t\t\t<div class=\"elementor-element elementor-element-6a16c4e elementor-widget elementor-widget-image\" data-id=\"6a16c4e\" data-element_type=\"widget\" data-e-type=\"widget\" data-widget_type=\"image.default\">\n\t\t\t\t<div class=\"elementor-widget-container\">\n\t\t\t\t\t\t\t\t\t\t\t\t<figure class=\"wp-caption\">\n\t\t\t\t\t\t\t\t\t\t\t<a href=\"https:\/\/1drv.ms\/v\/s!As_2Rj96R6QX0V-kXmQmjhfIHT7P?e=E1ABTz\">\n\t\t\t\t\t\t\t<img fetchpriority=\"high\" decoding=\"async\" width=\"674\" height=\"656\" src=\"https:\/\/aheyer.de\/wp-content\/uploads\/Steinbeis.png\" class=\"attachment-medium_large size-medium_large wp-image-1143\" alt=\"\" srcset=\"https:\/\/aheyer.de\/wp-content\/uploads\/Steinbeis.png 674w, https:\/\/aheyer.de\/wp-content\/uploads\/Steinbeis-300x292.png 300w\" sizes=\"(max-width: 674px) 85vw, 674px\" \/>\t\t\t\t\t\t\t\t<\/a>\n\t\t\t\t\t\t\t\t\t\t\t<figcaption class=\"widget-image-caption wp-caption-text\">Interview mit Anita Heyer an der Steinbeis Business School Augsburg<\/figcaption>\n\t\t\t\t\t\t\t\t\t\t<\/figure>\n\t\t\t\t\t\t\t\t\t<\/div>\n\t\t\t\t<\/div>\n\t\t\t\t<div class=\"elementor-element elementor-element-52e4163b elementor-drop-cap-yes elementor-widget__width-initial elementor-drop-cap-view-default elementor-widget elementor-widget-text-editor\" data-id=\"52e4163b\" data-element_type=\"widget\" data-e-type=\"widget\" data-settings=\"{&quot;drop_cap&quot;:&quot;yes&quot;}\" data-widget_type=\"text-editor.default\">\n\t\t\t\t<div class=\"elementor-widget-container\">\n\t\t\t\t\t\t\t\t\t<h6><strong>NLP-Angebote 2026<br \/><\/strong><span style=\"color: #000000;\"><strong>Bei Interesse an einer NLP-Basis-Ausbildung melden Sie sich telefonisch unter<br \/>0177-761 44 33<\/strong><\/span><\/h6><h2><span style=\"color: #33cccc;\">Noch Pl\u00e4tze\u00a0 FREI!<\/span><\/h2><h3><span style=\"color: #000000;\"><strong>Bildungsurlaub: Business-NLP \u2013 Basiskurs an der VHS Taunusstein<\/strong><\/span><\/h3><p><strong>In Pr\u00e4senz!<\/strong><\/p><p><strong><span style=\"color: #ff0000;\"><a style=\"color: #ff0000;\" href=\"https:\/\/www.vhs-rtk.de\/p\/beruf-und-karriere\/kommunikation\/bildungsurlaub-business-nlp-basiskurs-517-C-Z20080T\">ANMELDUNG HIER <\/a>(Weiterleitung)<\/span><\/strong><\/p><p><strong>Start<br \/><\/strong>Mo. 18.05.2026<br \/>09:00 Uhr<br \/><strong>Ende<br \/><\/strong>Fr. 22.05.2026<br \/>16:00 Uhr<\/p><p><strong>Kursgeb\u00fchr: 347,00 \u20ac<\/strong><\/p><h2><span style=\"color: #000000;\"><strong>Onlineangebot &#8211; Bildungsurlaub: Business-NLP &#8211; Basiskurs<\/strong><\/span><\/h2><p>AUSGEBUCHT!<\/p><p><strong>Start<br \/><\/strong>Di. 26.05.2026<br \/>09:00 Uhr<br \/><strong>Ende<br \/><\/strong>Fr. 29.05.2026<br \/>16:00 Uhr<\/p><p><strong>Kursgeb\u00fchr: 222,00 \u20ac<\/strong><\/p><h3><span style=\"color: #000000;\"><strong>Bildungsurlaub: Business-NLP \u2013 Basiskurs an der VHS Frankfurt<\/strong><\/span><\/h3><p><a href=\"https:\/\/vhs.frankfurt.de\/de\/portal#\/search\/detail\/180536\"><strong><span style=\"color: #ff0000;\">Anmeldung Hier (Weiterleitung)<\/span><\/strong><\/a><\/p><p>3. Aug. 2026 &#8211; 07. Aug. 2026, 5x<br \/>Mo &#8211; Fr, 09.00 &#8211; 16.00 Uhr<\/p><p><strong>Kursgeb\u00fchr: 290,00 \u20ac<\/strong><\/p><hr \/><h2><strong><span style=\"color: #000080;\">Practitioner Ausbildung, DVNLP<\/span><\/strong><\/h2><p><span style=\"color: #000000;\">DVNLP\/Business 20 Tage (inklusiv 5 Tage NLP-Basiskurs, der vorher absolviert sein muss.)<\/span><br \/><span style=\"color: #000000;\">Investition: 3.000,00 \u20ac \/ Firmen: 4.000,00 \u20ac<\/span><br \/><span style=\"color: #000000;\">Umsatzsteuerbefreit nach \u00a7 4 Nr.21a)bb) des Umsatzsteuergesetzes<\/span><br \/><span style=\"color: #000000;\">NLP-Practitioner DVNLP zertifizierte Ausbildung.<\/span><\/p><p><span style=\"color: #000000;\"><strong>Practitioner\u00a0 2026 (noch 1 Platz frei!)<\/strong><\/span><\/p><p><span style=\"color: #000000;\">Modul 1: 30. Januar \u2013 01. Februar<\/span><br \/><span style=\"color: #000000;\">Modul 2: 27. Februar \u2013 01. M\u00e4rz<\/span><br \/><span style=\"color: #000000;\">Modul 3: 27. M\u00e4rz \u2013 29. M\u00e4rz<\/span><br \/><span style=\"color: #000000;\">Modul 4: 08. \u2013 10. Mai<\/span><br \/><span style=\"color: #000000;\">Modul 5: 19. \u2013 21. Juni<\/span><\/p><h2><span style=\"color: #000000;\">Basiskurs Mediation<\/span><\/h2><h4><span style=\"color: #000000;\">Bildungsurlaub<\/span><\/h4><h2><strong>Die <\/strong><strong>Bildungsurlaube Mediation sind alle ausgebucht!<\/strong><\/h2><h1><span style=\"color: #0000ff;\">Mediationsausbildung 2025\/2026<\/span><\/h1><h1><span style=\"color: #000000;\"><strong>Mediationsausbildung<\/strong><\/span><\/h1><p><span style=\"color: #000000;\"><strong>Zertifiziert nach Mediation DACH e.V. Deutschland, Austria, Schweiz und\/oder DVNLP<\/strong><\/span><\/p><pre><span style=\"color: #000000; font-size: 28px;\">Voraussetzung: Basiskurs oder Practitioner\u00a0 NLP, Basiskurs Mediation, systemische Ausbildung oder vergleichbare Ausbildungen.<\/span><\/pre><div>\u00a0<\/div><p><span style=\"color: #000000;\">TERMINE:<br \/>14.11 &#8211; 16.11.2025<\/span><br \/><span style=\"color: #000000;\">23.01. &#8211; 25.01.2026<br \/>20.02 \u2013 22.02.2026<\/span><br \/><span style=\"color: #000000;\">13.03 \u2013 15.03.2026<\/span><br \/><span style=\"color: #000000;\">24.04 \u2013 26.04.2026<\/span><br \/><span style=\"color: #000000;\">12.06 &#8211; 14.06.2026<\/span><br \/><span style=\"color: #000000;\">der Abschlusstermin erfolgt nach Absprache<\/span>.<\/p><p><span style=\"color: #000000;\">Veranstaltungsort: Bad Homburg<\/span><br \/><span style=\"color: #000000;\">Investition: 4.200,00 (Privat) 5.200,00 (Firmen)<\/span><\/p><h2><strong><span style=\"color: #000080;\">Coaching Ausbildung 2025<\/span><\/strong><\/h2><p><span style=\"color: #000000;\"><strong>Fragen Sie nach den Terminen 2026!<br \/>Zertifikats-Coaching-Ausbildung (NLP \/ Hypno-Systemisch)<\/strong><\/span><\/p><p><span style=\"color: #000000;\">Jetzt Anmelden! Mail an: &#x6b;&#x6f;&#x6e;&#x74;&#x61;&#x6b;&#x74;&#x40;&#x61;&#x68;&#x65;&#121;&#101;&#114;&#46;&#100;&#101;<\/span><br \/><span style=\"color: #000000;\">Veranstaltungsort: Bad Homburg<\/span><\/p><h2><span style=\"color: #000080;\"><strong>NLP-Master, DVNLP<\/strong><\/span><\/h2><h3><span style=\"color: #000000;\">Termine 2026<br \/><\/span><\/h3><p><span style=\"color: #000000;\">Teilnahmevoraussetzung: Practitioner DVNLP<\/span><br \/><span style=\"color: #000000;\">Master Training 21 Tage. Investition 3.900,00 \u20ac f\u00fcr Privatpersonen 4.500,00 \u20ac f\u00fcr Gesch\u00e4ftskunden (Mehrwertsteuerbefreit)<\/span><\/p><p><span style=\"color: #000000;\">Modul 1: 14. \u2013 16. August<br \/>Modul 2: 04. \u2013 06. September<\/span><br \/><span style=\"color: #000000;\">Modul 3: 25. \u2013 27. September<\/span><br \/><span style=\"color: #000000;\">Modul 4: 13. \u2013 15. November<\/span><br \/><span style=\"color: #000000;\">Modul 5: 04. \u2013 06. Dezember<\/span><br \/><span style=\"color: #000000;\">Die beiden letzten Termine im Jahr 2027 stehen noch nicht fest.<\/span><\/p><p><span style=\"color: #000000;\">Veranstaltungsort Bad Homburg<\/span><br \/><span style=\"color: #000000;\">Beginn: Jeweils Freitag 17.00 Uhr. Ende jeweils So. ca. 16.00 Uhr<\/span><br \/><span style=\"color: #000000;\">Kursleitung: Anita Heyer<\/span><br \/><span style=\"color: #000000;\">Sie k\u00f6nnen nach erfolgreicher Teilnahme Zertifikat und Siegel:<\/span><br \/><span style=\"color: #000000;\">NLP-Master zertifiziert nach DVNLP erwerben.<\/span><\/p><h2><strong><span style=\"color: #000080;\">Trainer Ausbildung (DVNLP)<br \/><\/span><\/strong><\/h2><p><span style=\"color: #000000;\">Bitte fragen Sie nach Terminen f\u00fcr 2026!<br \/>Veranstaltungsort: Bad Homburg<\/span><br \/><span style=\"color: #000000;\">Investition: 4.200,00 \u20ac (Privat) Firmen: 5.200,00<\/span><\/p><h2><strong><span style=\"color: #800080;\">STEINBEIS AUGSBURG BUSINESS SCHOOL<\/span><\/strong><\/h2><h2><strong style=\"color: #800080; text-align: right;\"><img decoding=\"async\" class=\"wp-image-1143 alignleft\" src=\"https:\/\/aheyer.de\/wp-content\/uploads\/Steinbeis-300x292.png\" alt=\"\" width=\"150\" height=\"146\" srcset=\"https:\/\/aheyer.de\/wp-content\/uploads\/Steinbeis-300x292.png 300w, https:\/\/aheyer.de\/wp-content\/uploads\/Steinbeis.png 674w\" sizes=\"(max-width: 150px) 85vw, 150px\" \/><\/strong><\/h2><p><span style=\"color: #800080;\"><strong>SEMINAR<\/strong><strong><br \/>NEUROLINGUISTISCHE TOOLS IM COACHING<br \/>\u2026 in digital times<\/strong><\/span><\/p><p data-olk-copy-source=\"MessageBody\"><strong>SEMINAR<\/strong><br \/><span lang=\"en-GB\"><strong>COACHING TOOLS AUS DEM NLP<\/strong><br \/><\/span>Sprache als Ver\u00e4nderungsinstrument<br \/><strong>05.02. \u2013 07.02.2026<\/strong><\/p><p><strong><a href=\"https:\/\/steinbeis-ifem.de\/nlp-buchung\/\">Anmeldung nur \u00fcber Steinbeis Business School Augsburg<\/a><br \/>(Link zur Anmeldung Steinbeis Business School Augsburg)<\/strong><\/p>\t\t\t\t\t\t\t\t<\/div>\n\t\t\t\t<\/div>\n\t\t\t\t\t<\/div>\n\t\t<\/div>\n\t\t\t\t\t<\/div>\n\t\t<\/section>\n\t\t\t\t<section class=\"elementor-section elementor-top-section elementor-element elementor-element-2e68d7e elementor-section-boxed elementor-section-height-default elementor-section-height-default\" data-id=\"2e68d7e\" data-element_type=\"section\" data-e-type=\"section\">\n\t\t\t\t\t\t<div class=\"elementor-container elementor-column-gap-default\">\n\t\t\t\t\t<div class=\"elementor-column elementor-col-100 elementor-top-column elementor-element elementor-element-8586b91\" data-id=\"8586b91\" data-element_type=\"column\" data-e-type=\"column\">\n\t\t\t<div class=\"elementor-widget-wrap elementor-element-populated\">\n\t\t\t\t\t\t<div class=\"elementor-element elementor-element-14504d3 elementor-widget elementor-widget-image\" data-id=\"14504d3\" data-element_type=\"widget\" data-e-type=\"widget\" data-widget_type=\"image.default\">\n\t\t\t\t<div class=\"elementor-widget-container\">\n\t\t\t\t\t\t\t\t\t\t\t\t<figure class=\"wp-caption\">\n\t\t\t\t\t\t\t\t\t\t<img decoding=\"async\" width=\"840\" height=\"630\" src=\"https:\/\/aheyer.de\/wp-content\/uploads\/IMG_20210618_161915-1024x768.png\" class=\"attachment-large size-large wp-image-593\" alt=\"\" srcset=\"https:\/\/aheyer.de\/wp-content\/uploads\/IMG_20210618_161915-1024x768.png 1024w, https:\/\/aheyer.de\/wp-content\/uploads\/IMG_20210618_161915-300x225.png 300w, https:\/\/aheyer.de\/wp-content\/uploads\/IMG_20210618_161915-768x576.png 768w, https:\/\/aheyer.de\/wp-content\/uploads\/IMG_20210618_161915-1536x1152.png 1536w, https:\/\/aheyer.de\/wp-content\/uploads\/IMG_20210618_161915-2048x1536.png 2048w, https:\/\/aheyer.de\/wp-content\/uploads\/IMG_20210618_161915-1200x900.png 1200w\" sizes=\"(max-width: 709px) 85vw, (max-width: 909px) 67vw, (max-width: 1362px) 62vw, 840px\" \/>\t\t\t\t\t\t\t\t\t\t\t<figcaption class=\"widget-image-caption wp-caption-text\">Unser Seminarraum<\/figcaption>\n\t\t\t\t\t\t\t\t\t\t<\/figure>\n\t\t\t\t\t\t\t\t\t<\/div>\n\t\t\t\t<\/div>\n\t\t\t\t<div class=\"elementor-element elementor-element-2d04970 elementor-widget elementor-widget-text-editor\" data-id=\"2d04970\" data-element_type=\"widget\" data-e-type=\"widget\" data-widget_type=\"text-editor.default\">\n\t\t\t\t<div class=\"elementor-widget-container\">\n\t\t\t\t\t\t\t\t\t<h3>Aufwendungen f\u00fcr NLP- und Supervisionskurse<\/h3><p><span style=\"color: #000000;\">Aufwendungen f\u00fcr Supervisions- und NLP-Kurse (Neuro-Linguistisches Programmieren) zur Verbesserung der Kommunikationsf\u00e4higkeit k\u00f6nnen nahezu ausschlie\u00dflich beruflich veranlasst sein und als Werbungskosten abgezogen werden. F\u00fcr eine berufliche Veranlassung spricht es, wenn\u00a0<\/span><\/p><ul><li style=\"list-style-type: none;\"><ul><li><span style=\"color: #000000;\">die Kurse von einem professionellen Veranstalter durchgef\u00fchrt werden,<\/span><\/li><li><span style=\"color: #000000;\">ein gleichartiger (\u201ehomogener\u201c) Teilnehmerkreis gegeben ist und<\/span><\/li><li><span style=\"color: #000000;\">die vermittelten Kenntnisse und F\u00e4higkeiten anschlie\u00dfend in der beruflichen T\u00e4tigkeit angewendet werden k\u00f6nnen. <\/span><\/li><\/ul><\/li><\/ul><p><span style=\"color: #000000;\">Beachten Sie:\u00a0Dass die vermittelten Lehrinhalte auch im privaten Leben n\u00fctzlich sein k\u00f6nnen, steht dem Steuerabzug nicht entgegen, weil sich die privaten Anwendungsm\u00f6glichkeiten zwangsl\u00e4ufig und untrennbar aus den im beruflichen Interesse gewonnenen Kenntnissen und F\u00e4higkeiten ergeben. F\u00fcr die \u201eGleichartigkeit\u201c ist es auch nicht erforderlich, dass alle Teilnehmer denselben Beruf aus\u00fcben oder aus der gleichen Branche stammen. Der Teilnehmerkreis ist auch dann als homogen anzusehen, wenn die Kursteilnehmer zwar unterschiedlichen Berufsgruppen angeh\u00f6ren, aber jeweils F\u00fchrungspositionen innehaben und aufgrund dieser Funktionen an einer Verbesserung ihrer Kommunikationsf\u00e4higkeit interessiert sind.\u00a0<\/span><\/p><p>QUELLE:\u00a0<a href=\"https:\/\/www.iww.de\/ssp\/archiv\/2009\/3\">AUSGABE 03 \/ 2009<\/a>\u00a0| SEITE 3 | ID 124823<\/p><p>(Bundesfinanzhof, Urteile vom\u00a0<a href=\"https:\/\/www.iww.de\/index.cfm?pid=1326&amp;fk=48688\">28.8.2008, Az: VI R 44\/04<\/a>\u00a0und Az:\u00a0<a href=\"https:\/\/www.iww.de\/nwb\/?docid=312278\">VI R 35\/05<\/a>)<br \/>(Abruf-Nrn.\u00a0<a href=\"https:\/\/www.iww.de\/quellenmaterial\/abruf.php3?083380\">083380<\/a>\u00a0und\u00a0<a href=\"https:\/\/www.iww.de\/quellenmaterial\/abruf.php3?083381\">083381<\/a>)\u00a0<\/p>\t\t\t\t\t\t\t\t<\/div>\n\t\t\t\t<\/div>\n\t\t\t\t\t<\/div>\n\t\t<\/div>\n\t\t\t\t\t<\/div>\n\t\t<\/section>\n\t\t\t\t<\/div>\n\t\t","protected":false},"excerpt":{"rendered":"<p>Interview mit Anita Heyer an der Steinbeis Business School Augsburg NLP-Angebote 2026Bei Interesse an einer NLP-Basis-Ausbildung melden Sie sich telefonisch unter0177-761 44 33 Noch Pl\u00e4tze\u00a0 FREI! Bildungsurlaub: Business-NLP \u2013 Basiskurs an der VHS Taunusstein In Pr\u00e4senz! ANMELDUNG HIER (Weiterleitung) StartMo. 18.05.202609:00 UhrEndeFr. 22.05.202616:00 Uhr Kursgeb\u00fchr: 347,00 \u20ac Onlineangebot &#8211; Bildungsurlaub: Business-NLP &#8211; Basiskurs AUSGEBUCHT! StartDi. &hellip; <a href=\"https:\/\/aheyer.de\/?page_id=47\" class=\"more-link\"><span class=\"screen-reader-text\">&#8222;Termine&#8220; <\/span>weiterlesen<\/a><\/p>\n","protected":false},"author":2,"featured_media":0,"parent":0,"menu_order":0,"comment_status":"closed","ping_status":"closed","template":"","meta":{"footnotes":""},"class_list":["post-47","page","type-page","status-publish","hentry"],"_links":{"self":[{"href":"https:\/\/aheyer.de\/index.php?rest_route=\/wp\/v2\/pages\/47","targetHints":{"allow":["GET"]}}],"collection":[{"href":"https:\/\/aheyer.de\/index.php?rest_route=\/wp\/v2\/pages"}],"about":[{"href":"https:\/\/aheyer.de\/index.php?rest_route=\/wp\/v2\/types\/page"}],"author":[{"embeddable":true,"href":"https:\/\/aheyer.de\/index.php?rest_route=\/wp\/v2\/users\/2"}],"replies":[{"embeddable":true,"href":"https:\/\/aheyer.de\/index.php?rest_route=%2Fwp%2Fv2%2Fcomments&post=47"}],"version-history":[{"count":818,"href":"https:\/\/aheyer.de\/index.php?rest_route=\/wp\/v2\/pages\/47\/revisions"}],"predecessor-version":[{"id":1550,"href":"https:\/\/aheyer.de\/index.php?rest_route=\/wp\/v2\/pages\/47\/revisions\/1550"}],"wp:attachment":[{"href":"https:\/\/aheyer.de\/index.php?rest_route=%2Fwp%2Fv2%2Fmedia&parent=47"}],"curies":[{"name":"wp","href":"https:\/\/api.w.org\/{rel}","templated":true}]}}