{"id":480,"date":"2020-09-27T11:43:27","date_gmt":"2020-09-27T09:43:27","guid":{"rendered":"https:\/\/aheyer.de\/?page_id=480"},"modified":"2020-09-27T11:44:50","modified_gmt":"2020-09-27T09:44:50","slug":"das-sagen-meine-kunden","status":"publish","type":"page","link":"https:\/\/aheyer.de\/?page_id=480","title":{"rendered":"Das sagen meine Kunden"},"content":{"rendered":"\t\t<div data-elementor-type=\"wp-page\" data-elementor-id=\"480\" class=\"elementor elementor-480\">\n\t\t\t\t\t\t<section class=\"elementor-section elementor-top-section elementor-element elementor-element-e924bf0 elementor-section-boxed elementor-section-height-default elementor-section-height-default\" data-id=\"e924bf0\" data-element_type=\"section\" data-e-type=\"section\">\n\t\t\t\t\t\t<div class=\"elementor-container elementor-column-gap-default\">\n\t\t\t\t\t<div class=\"elementor-column elementor-col-100 elementor-top-column elementor-element elementor-element-ab31649\" data-id=\"ab31649\" data-element_type=\"column\" data-e-type=\"column\">\n\t\t\t<div class=\"elementor-widget-wrap elementor-element-populated\">\n\t\t\t\t\t\t<div class=\"elementor-element elementor-element-4d2fcc1 elementor-widget elementor-widget-image\" data-id=\"4d2fcc1\" data-element_type=\"widget\" data-e-type=\"widget\" data-widget_type=\"image.default\">\n\t\t\t\t<div class=\"elementor-widget-container\">\n\t\t\t\t\t\t\t\t\t\t\t\t\t\t\t<img decoding=\"async\" width=\"150\" height=\"150\" src=\"https:\/\/aheyer.de\/wp-content\/uploads\/C-Amier-150x150.jpg\" class=\"attachment-thumbnail size-thumbnail wp-image-484\" alt=\"\" \/>\t\t\t\t\t\t\t\t\t\t\t\t\t\t\t<\/div>\n\t\t\t\t<\/div>\n\t\t\t\t<div class=\"elementor-element elementor-element-7dce4e7 elementor-widget elementor-widget-text-editor\" data-id=\"7dce4e7\" data-element_type=\"widget\" data-e-type=\"widget\" data-widget_type=\"text-editor.default\">\n\t\t\t\t<div class=\"elementor-widget-container\">\n\t\t\t\t\t\t\t\t\t<p>Ein 37-k\u00f6pfiges Betriebsratsgremium mit sehr unterschiedlichen Anschauungen und Zielsetzungen, unterschiedlichsten Mentalit\u00e4ten in jedweder Hinsicht und permanent in Konkurrenz um die W\u00e4hlergunst zu einem konstruktiven arbeitsf\u00e4higen Team zu vereinen und einen respektvollen Umgang untereinander zu gew\u00e4hrleisten, war die Herausforderung an die Seminarleitung. Zu Beginn waren viele skeptisch und misstrauisch, am Ende war es gelungen Vertrauen zu schaffen und gemeinsame Regeln f\u00fcr das k\u00fcnftige miteinander zu vereinbaren. Dies war nur m\u00f6glich durch die professionell angewandten Methoden und die gro\u00dfe Empathie unserer Seminarleiterin Anita Heyer. Ihr gelang es alle TeilnehmerInnen mitzunehmen.<\/p><p>Claudia Amier<br \/>Betriebsratsvorsitzende Fraport AG<\/p>\t\t\t\t\t\t\t\t<\/div>\n\t\t\t\t<\/div>\n\t\t\t\t\t<\/div>\n\t\t<\/div>\n\t\t\t\t\t<\/div>\n\t\t<\/section>\n\t\t\t\t<section class=\"elementor-section elementor-top-section elementor-element elementor-element-60ef8dc elementor-section-boxed elementor-section-height-default elementor-section-height-default\" data-id=\"60ef8dc\" data-element_type=\"section\" data-e-type=\"section\">\n\t\t\t\t\t\t<div class=\"elementor-container elementor-column-gap-default\">\n\t\t\t\t\t<div class=\"elementor-column elementor-col-100 elementor-top-column elementor-element elementor-element-83b8f16\" data-id=\"83b8f16\" data-element_type=\"column\" data-e-type=\"column\">\n\t\t\t<div class=\"elementor-widget-wrap elementor-element-populated\">\n\t\t\t\t\t\t<div class=\"elementor-element elementor-element-e947737 elementor-widget elementor-widget-image\" data-id=\"e947737\" data-element_type=\"widget\" data-e-type=\"widget\" data-widget_type=\"image.default\">\n\t\t\t\t<div class=\"elementor-widget-container\">\n\t\t\t\t\t\t\t\t\t\t\t\t\t\t\t<img decoding=\"async\" width=\"150\" height=\"150\" src=\"https:\/\/aheyer.de\/wp-content\/uploads\/C-Neukom-150x150.jpg\" class=\"attachment-thumbnail size-thumbnail wp-image-487\" alt=\"\" \/>\t\t\t\t\t\t\t\t\t\t\t\t\t\t\t<\/div>\n\t\t\t\t<\/div>\n\t\t\t\t<div class=\"elementor-element elementor-element-4097354 elementor-widget elementor-widget-text-editor\" data-id=\"4097354\" data-element_type=\"widget\" data-e-type=\"widget\" data-widget_type=\"text-editor.default\">\n\t\t\t\t<div class=\"elementor-widget-container\">\n\t\t\t\t\t\t\t\t\t<p>Anita Heyer hat meinem Team zu neuer St\u00e4rke verholfen. Gerade in Puncto Kommunikation hatten wir noch einiges aufzuholen. Nach intensiven anderthalb Tagen haben wir uns gemeinsam einen anderen Umgang miteinander erarbeitet. Wir haben unsere W\u00fcnsche und Erwartungen aneinander festgestellt und uns gemeinsame Ziele erarbeitet. Auch nach mehreren Monaten zehren wir von dieser intensiven Zusammenarbeit und sind Anita sehr dankbar f\u00fcr ihre so wertvolle Unterst\u00fctzung.<\/p><p>Christine Neukom<br \/>DAIKIN REFRIGERANTS FRANKFURT GmbH<\/p>\t\t\t\t\t\t\t\t<\/div>\n\t\t\t\t<\/div>\n\t\t\t\t\t<\/div>\n\t\t<\/div>\n\t\t\t\t\t<\/div>\n\t\t<\/section>\n\t\t\t\t<section class=\"elementor-section elementor-top-section elementor-element elementor-element-f7dae4f elementor-section-boxed elementor-section-height-default elementor-section-height-default\" data-id=\"f7dae4f\" data-element_type=\"section\" data-e-type=\"section\">\n\t\t\t\t\t\t<div class=\"elementor-container elementor-column-gap-default\">\n\t\t\t\t\t<div class=\"elementor-column elementor-col-100 elementor-top-column elementor-element elementor-element-e877882\" data-id=\"e877882\" data-element_type=\"column\" data-e-type=\"column\">\n\t\t\t<div class=\"elementor-widget-wrap elementor-element-populated\">\n\t\t\t\t\t\t<div class=\"elementor-element elementor-element-e269fac elementor-widget elementor-widget-image\" data-id=\"e269fac\" data-element_type=\"widget\" data-e-type=\"widget\" data-widget_type=\"image.default\">\n\t\t\t\t<div class=\"elementor-widget-container\">\n\t\t\t\t\t\t\t\t\t\t\t\t\t\t\t<img decoding=\"async\" width=\"150\" height=\"150\" src=\"https:\/\/aheyer.de\/wp-content\/uploads\/T-Suhren-150x150.jpg\" class=\"attachment-thumbnail size-thumbnail wp-image-488\" alt=\"\" \/>\t\t\t\t\t\t\t\t\t\t\t\t\t\t\t<\/div>\n\t\t\t\t<\/div>\n\t\t\t\t<div class=\"elementor-element elementor-element-163a7a1 elementor-widget elementor-widget-text-editor\" data-id=\"163a7a1\" data-element_type=\"widget\" data-e-type=\"widget\" data-widget_type=\"text-editor.default\">\n\t\t\t\t<div class=\"elementor-widget-container\">\n\t\t\t\t\t\t\t\t\t<p>Die Zusammenarbeit mit Anita Heyer hat im Team zu mehr Bewusstheit f\u00fcr Kommunikation gef\u00fchrt und den wertsch\u00e4tzenden Umgang miteinander gef\u00f6rdert. Sie ist ein Profi mit Herz und Verstand!<\/p><p>Thalke Suhren<br \/>Inhaberin: Nordenhamer Pflegedienst Suhren<\/p>\t\t\t\t\t\t\t\t<\/div>\n\t\t\t\t<\/div>\n\t\t\t\t\t<\/div>\n\t\t<\/div>\n\t\t\t\t\t<\/div>\n\t\t<\/section>\n\t\t\t\t<section class=\"elementor-section elementor-top-section elementor-element elementor-element-b8458c1 elementor-section-boxed elementor-section-height-default elementor-section-height-default\" data-id=\"b8458c1\" data-element_type=\"section\" data-e-type=\"section\">\n\t\t\t\t\t\t<div class=\"elementor-container elementor-column-gap-default\">\n\t\t\t\t\t<div class=\"elementor-column elementor-col-100 elementor-top-column elementor-element elementor-element-805f140\" data-id=\"805f140\" data-element_type=\"column\" data-e-type=\"column\">\n\t\t\t<div class=\"elementor-widget-wrap elementor-element-populated\">\n\t\t\t\t\t\t<div class=\"elementor-element elementor-element-04d0027 elementor-widget elementor-widget-text-editor\" data-id=\"04d0027\" data-element_type=\"widget\" data-e-type=\"widget\" data-widget_type=\"text-editor.default\">\n\t\t\t\t<div class=\"elementor-widget-container\">\n\t\t\t\t\t\t\t\t\t<p>Bei einer Konfliktberatung hat uns Frau Heyer in einem mir aussichtslos erscheinenden Fall mit viel Gesp\u00fcr f\u00fcr das, was zu tun ist, geholfen, eine L\u00f6sung zu finden, der alle zustimmen konnten. So konnte die weitere Zusammenarbeit in diesem Team erst m\u00f6glich gemacht werden. Liebe Frau Heyer, daf\u00fcr ganz herzliche Dank.<\/p><p>Gernot Bach-Leucht<\/p><p>Landesjugendpfarrer der EKHN &amp; Leiter des Fachbereichs Kinder und Jugend &amp; Leitungsteam<br \/>Zentrum Bildung<\/p>\t\t\t\t\t\t\t\t<\/div>\n\t\t\t\t<\/div>\n\t\t\t\t<div class=\"elementor-element elementor-element-8336675 elementor-widget elementor-widget-image\" data-id=\"8336675\" data-element_type=\"widget\" data-e-type=\"widget\" data-widget_type=\"image.default\">\n\t\t\t\t<div class=\"elementor-widget-container\">\n\t\t\t\t\t\t\t\t\t\t\t\t\t\t\t<img loading=\"lazy\" decoding=\"async\" width=\"150\" height=\"150\" src=\"https:\/\/aheyer.de\/wp-content\/uploads\/Bacht-Leucht-150x150.jpg\" class=\"attachment-thumbnail size-thumbnail wp-image-486\" alt=\"\" srcset=\"https:\/\/aheyer.de\/wp-content\/uploads\/Bacht-Leucht-150x150.jpg 150w, https:\/\/aheyer.de\/wp-content\/uploads\/Bacht-Leucht.jpg 256w\" sizes=\"(max-width: 150px) 85vw, 150px\" \/>\t\t\t\t\t\t\t\t\t\t\t\t\t\t\t<\/div>\n\t\t\t\t<\/div>\n\t\t\t\t\t<\/div>\n\t\t<\/div>\n\t\t\t\t\t<\/div>\n\t\t<\/section>\n\t\t\t\t<\/div>\n\t\t","protected":false},"excerpt":{"rendered":"<p>Ein 37-k\u00f6pfiges Betriebsratsgremium mit sehr unterschiedlichen Anschauungen und Zielsetzungen, unterschiedlichsten Mentalit\u00e4ten in jedweder Hinsicht und permanent in Konkurrenz um die W\u00e4hlergunst zu einem konstruktiven arbeitsf\u00e4higen Team zu vereinen und einen respektvollen Umgang untereinander zu gew\u00e4hrleisten, war die Herausforderung an die Seminarleitung. Zu Beginn waren viele skeptisch und misstrauisch, am Ende war es gelungen Vertrauen zu &hellip; <a href=\"https:\/\/aheyer.de\/?page_id=480\" class=\"more-link\"><span class=\"screen-reader-text\">&#8222;Das sagen meine Kunden&#8220; <\/span>weiterlesen<\/a><\/p>\n","protected":false},"author":2,"featured_media":0,"parent":0,"menu_order":0,"comment_status":"closed","ping_status":"closed","template":"","meta":{"footnotes":""},"class_list":["post-480","page","type-page","status-publish","hentry"],"_links":{"self":[{"href":"https:\/\/aheyer.de\/index.php?rest_route=\/wp\/v2\/pages\/480","targetHints":{"allow":["GET"]}}],"collection":[{"href":"https:\/\/aheyer.de\/index.php?rest_route=\/wp\/v2\/pages"}],"about":[{"href":"https:\/\/aheyer.de\/index.php?rest_route=\/wp\/v2\/types\/page"}],"author":[{"embeddable":true,"href":"https:\/\/aheyer.de\/index.php?rest_route=\/wp\/v2\/users\/2"}],"replies":[{"embeddable":true,"href":"https:\/\/aheyer.de\/index.php?rest_route=%2Fwp%2Fv2%2Fcomments&post=480"}],"version-history":[{"count":11,"href":"https:\/\/aheyer.de\/index.php?rest_route=\/wp\/v2\/pages\/480\/revisions"}],"predecessor-version":[{"id":497,"href":"https:\/\/aheyer.de\/index.php?rest_route=\/wp\/v2\/pages\/480\/revisions\/497"}],"wp:attachment":[{"href":"https:\/\/aheyer.de\/index.php?rest_route=%2Fwp%2Fv2%2Fmedia&parent=480"}],"curies":[{"name":"wp","href":"https:\/\/api.w.org\/{rel}","templated":true}]}}