{"id":49,"date":"2017-06-30T17:03:26","date_gmt":"2017-07-01T00:03:26","guid":{"rendered":"http:\/\/nlp-inbewegung.com\/?page_id=49"},"modified":"2024-02-29T16:30:19","modified_gmt":"2024-02-29T15:30:19","slug":"preise-anmeldung","status":"publish","type":"page","link":"https:\/\/aheyer.de\/?page_id=49","title":{"rendered":"Anmeldung"},"content":{"rendered":"<p>Bitte achten Sie darauf, dass Ihre Angaben vollst\u00e4ndig sind, damit wir auch kurzfristig einen Kontakt zu Ihnen herstellen k\u00f6nnen. Bitte nennen Sie die Telefonnummer, unter der wir Sie tags\u00fcber erreichen k\u00f6nnen, danke!<\/p>\n<p>Die <a href=\"http:\/\/aheyer.de\/agb\/\">allgemeinen Gesch\u00e4ftsbedingungen<\/a> habe ich gelesen und akzeptiert.<br \/>\nDie <a href=\"http:\/\/aheyer.de\/impressum-und-datenschutzerklarung\/\">Datenschutzerkl\u00e4rung<\/a> habe ich gelesen und akzeptiert.<\/p>\n<p>Kontaktdaten<\/p>\n<table style=\"height: 57px;\" width=\"380\">\n<tbody>\n<tr>\n<td width=\"151\">Vorname<\/td>\n<\/tr>\n<tr>\n<td>Name<\/td>\n<td><\/td>\n<\/tr>\n<\/tbody>\n<\/table>\n<table style=\"height: 45px;\" width=\"383\">\n<tbody>\n<tr>\n<td width=\"151\">Mobiltelefon<\/td>\n<\/tr>\n<tr>\n<td>Telefon<\/td>\n<td><\/td>\n<\/tr>\n<\/tbody>\n<\/table>\n<table style=\"height: 61px;\" width=\"381\">\n<tbody>\n<tr>\n<td width=\"151\">E-Mail<\/td>\n<\/tr>\n<tr>\n<td>Adresse:<br \/>\nStra\u00dfe_Nr.<br \/>\nPLZ Ort<strong><br \/>\n<\/strong><\/td>\n<td><\/td>\n<\/tr>\n<\/tbody>\n<\/table>\n<p>Anita und Andreas Heyer, Kompetenzzentrum f\u00fcr l\u00f6sungsfokussierte Prozesse, darf meine pers\u00f6nlichen Daten zum bestimmungsgem\u00e4\u00dfen Gebrauch nutzen. <a href=\"http:\/\/aheyer.de\/impressum-und-datenschutzerklarung\/\">Datenschutzerkl\u00e4rung<\/a> (www.aheyer.de)<\/p>\n<p>Unterschrift\/Datum<\/p>\n<p>Bitte alle Felder ausf\u00fcllen, bei Anmeldung entsprechenden Kurs ankreuzen und per Mail oder Post an uns zur\u00fcck, Danke!<\/p>\n","protected":false},"excerpt":{"rendered":"<p>Bitte achten Sie darauf, dass Ihre Angaben vollst\u00e4ndig sind, damit wir auch kurzfristig einen Kontakt zu Ihnen herstellen k\u00f6nnen. Bitte nennen Sie die Telefonnummer, unter der wir Sie tags\u00fcber erreichen k\u00f6nnen, danke! Die allgemeinen Gesch\u00e4ftsbedingungen habe ich gelesen und akzeptiert. Die Datenschutzerkl\u00e4rung habe ich gelesen und akzeptiert. Kontaktdaten Vorname Name Mobiltelefon Telefon E-Mail Adresse: Stra\u00dfe_Nr. &hellip; <a href=\"https:\/\/aheyer.de\/?page_id=49\" class=\"more-link\"><span class=\"screen-reader-text\">&#8222;Anmeldung&#8220; <\/span>weiterlesen<\/a><\/p>\n","protected":false},"author":2,"featured_media":0,"parent":0,"menu_order":0,"comment_status":"closed","ping_status":"closed","template":"","meta":{"footnotes":""},"class_list":["post-49","page","type-page","status-publish","hentry"],"_links":{"self":[{"href":"https:\/\/aheyer.de\/index.php?rest_route=\/wp\/v2\/pages\/49","targetHints":{"allow":["GET"]}}],"collection":[{"href":"https:\/\/aheyer.de\/index.php?rest_route=\/wp\/v2\/pages"}],"about":[{"href":"https:\/\/aheyer.de\/index.php?rest_route=\/wp\/v2\/types\/page"}],"author":[{"embeddable":true,"href":"https:\/\/aheyer.de\/index.php?rest_route=\/wp\/v2\/users\/2"}],"replies":[{"embeddable":true,"href":"https:\/\/aheyer.de\/index.php?rest_route=%2Fwp%2Fv2%2Fcomments&post=49"}],"version-history":[{"count":12,"href":"https:\/\/aheyer.de\/index.php?rest_route=\/wp\/v2\/pages\/49\/revisions"}],"predecessor-version":[{"id":813,"href":"https:\/\/aheyer.de\/index.php?rest_route=\/wp\/v2\/pages\/49\/revisions\/813"}],"wp:attachment":[{"href":"https:\/\/aheyer.de\/index.php?rest_route=%2Fwp%2Fv2%2Fmedia&parent=49"}],"curies":[{"name":"wp","href":"https:\/\/api.w.org\/{rel}","templated":true}]}}