{"id":81,"date":"2017-10-10T17:29:00","date_gmt":"2017-10-10T15:29:00","guid":{"rendered":"http:\/\/nlp-inbewegung.com\/?page_id=81"},"modified":"2025-08-31T12:37:32","modified_gmt":"2025-08-31T10:37:32","slug":"home","status":"publish","type":"page","link":"https:\/\/aheyer.de\/","title":{"rendered":"Anita Heyer"},"content":{"rendered":"\t\t<div data-elementor-type=\"wp-page\" data-elementor-id=\"81\" class=\"elementor elementor-81\">\n\t\t\t\t\t\t<section class=\"elementor-section elementor-top-section elementor-element elementor-element-0abb6a0 elementor-section-boxed elementor-section-height-default elementor-section-height-default\" data-id=\"0abb6a0\" data-element_type=\"section\" data-e-type=\"section\">\n\t\t\t\t\t\t<div class=\"elementor-container elementor-column-gap-default\">\n\t\t\t\t\t<div class=\"elementor-column elementor-col-100 elementor-top-column elementor-element elementor-element-94c0208\" data-id=\"94c0208\" data-element_type=\"column\" data-e-type=\"column\">\n\t\t\t<div class=\"elementor-widget-wrap elementor-element-populated\">\n\t\t\t\t\t\t<div class=\"elementor-element elementor-element-76ad1f0 elementor-widget elementor-widget-image\" data-id=\"76ad1f0\" data-element_type=\"widget\" data-e-type=\"widget\" data-widget_type=\"image.default\">\n\t\t\t\t<div class=\"elementor-widget-container\">\n\t\t\t\t\t\t\t\t\t\t\t\t\t\t\t<img fetchpriority=\"high\" decoding=\"async\" width=\"768\" height=\"576\" src=\"https:\/\/aheyer.de\/wp-content\/uploads\/IMG_20250522_083947-768x576.jpg\" class=\"attachment-medium_large size-medium_large wp-image-1408\" alt=\"\" srcset=\"https:\/\/aheyer.de\/wp-content\/uploads\/IMG_20250522_083947-768x576.jpg 768w, https:\/\/aheyer.de\/wp-content\/uploads\/IMG_20250522_083947-300x225.jpg 300w, https:\/\/aheyer.de\/wp-content\/uploads\/IMG_20250522_083947-1024x768.jpg 1024w, https:\/\/aheyer.de\/wp-content\/uploads\/IMG_20250522_083947-1536x1152.jpg 1536w, https:\/\/aheyer.de\/wp-content\/uploads\/IMG_20250522_083947-2048x1536.jpg 2048w, https:\/\/aheyer.de\/wp-content\/uploads\/IMG_20250522_083947-1200x900.jpg 1200w\" sizes=\"(max-width: 768px) 85vw, 768px\" \/>\t\t\t\t\t\t\t\t\t\t\t\t\t\t\t<\/div>\n\t\t\t\t<\/div>\n\t\t\t\t<div class=\"elementor-element elementor-element-458dd9b elementor-widget elementor-widget-text-editor\" data-id=\"458dd9b\" data-element_type=\"widget\" data-e-type=\"widget\" data-widget_type=\"text-editor.default\">\n\t\t\t\t<div class=\"elementor-widget-container\">\n\t\t\t\t\t\t\t\t\t<div id=\"page\" class=\"site\"><div class=\"site-inner\"><div id=\"content\" class=\"site-content\"><div id=\"primary\" class=\"content-area\"><p>Sie lernen das Geheimnis von Selbstvertrauen, Selbstwirksamkeit und der Lust auf Leistung.<\/p><p>Wir machen alle die Erfahrung, dass unser Leben nicht perfekt ist, es gibt Schmerz, Herausforderungen und Leid.<\/p><p>Die Schwankungen des Egos zwischen Sandkorn und Mount Everest mit Humor, Gelassenheit und Mitgef\u00fchl zu betrachten \u2013 das ist der Nutzen von NLP- und Mediationsf\u00e4higkeiten, es hilft die beste Version des eigenen Selbst hervorzubringen.<\/p><p>Darf dieser Weg leicht sein? \u2013 Ja.<\/p><p>Sie wollen wissen wie?<\/p><p>Vereinbaren Sie einen Gespr\u00e4chstermin mit mir. Oder buchen Sie direkt (unter Termine) einen meiner Bildungsurlaube zu Kennenlernen<br \/>Sie k\u00f6nnen mir auch eine Mail senden und ich melde mich bei Ihnen.<\/p><\/div><\/div><\/div><\/div>\t\t\t\t\t\t\t\t<\/div>\n\t\t\t\t<\/div>\n\t\t\t\t\t<\/div>\n\t\t<\/div>\n\t\t\t\t\t<\/div>\n\t\t<\/section>\n\t\t\t\t<section class=\"elementor-section elementor-top-section elementor-element elementor-element-4519133 elementor-section-boxed elementor-section-height-default elementor-section-height-default\" data-id=\"4519133\" data-element_type=\"section\" data-e-type=\"section\">\n\t\t\t\t\t\t<div class=\"elementor-container elementor-column-gap-default\">\n\t\t\t\t\t<div class=\"elementor-column elementor-col-100 elementor-top-column elementor-element elementor-element-4d43c05\" data-id=\"4d43c05\" data-element_type=\"column\" data-e-type=\"column\">\n\t\t\t<div class=\"elementor-widget-wrap elementor-element-populated\">\n\t\t\t\t\t\t<div class=\"elementor-element elementor-element-df190fa elementor-widget elementor-widget-image\" data-id=\"df190fa\" data-element_type=\"widget\" data-e-type=\"widget\" data-widget_type=\"image.default\">\n\t\t\t\t<div class=\"elementor-widget-container\">\n\t\t\t\t\t\t\t\t\t\t\t\t\t\t\t<img decoding=\"async\" width=\"155\" height=\"86\" src=\"https:\/\/aheyer.de\/wp-content\/uploads\/Ani-und-Gunther.jpg\" class=\"attachment-2048x2048 size-2048x2048 wp-image-975\" alt=\"\" \/>\t\t\t\t\t\t\t\t\t\t\t\t\t\t\t<\/div>\n\t\t\t\t<\/div>\n\t\t\t\t\t<\/div>\n\t\t<\/div>\n\t\t\t\t\t<\/div>\n\t\t<\/section>\n\t\t\t\t<section class=\"elementor-section elementor-top-section elementor-element elementor-element-5586f07 elementor-section-boxed elementor-section-height-default elementor-section-height-default\" data-id=\"5586f07\" data-element_type=\"section\" data-e-type=\"section\">\n\t\t\t\t\t\t<div class=\"elementor-container elementor-column-gap-default\">\n\t\t\t\t\t<div class=\"elementor-column elementor-col-100 elementor-top-column elementor-element elementor-element-b8ae15c\" data-id=\"b8ae15c\" data-element_type=\"column\" data-e-type=\"column\">\n\t\t\t<div class=\"elementor-widget-wrap elementor-element-populated\">\n\t\t\t\t\t\t<div class=\"elementor-element elementor-element-cc4cc44 elementor-widget elementor-widget-text-editor\" data-id=\"cc4cc44\" data-element_type=\"widget\" data-e-type=\"widget\" data-widget_type=\"text-editor.default\">\n\t\t\t\t<div class=\"elementor-widget-container\">\n\t\t\t\t\t\t\t\t\t<p><span style=\"color: #000000;\">Und das meint Dr. Gunther Schmidt:<\/span><\/p><p><span style=\"color: #000000;\"><em>\u201eIch finde es wirklich sehr sch\u00f6n, wie aufrichtig, offen und warmherzig Du den Menschen Mut machst und Ihnen hilfst, sich mit Achtung und Loyalit\u00e4t zu betrachten und mit sich umzugehen. Es spricht f\u00fcr mich so viel Liebe und Herzensw\u00e4rme aus Deiner Arbeit, man merkt richtig, welchen vielf\u00e4ltigen und immer weiter differenzierten Weg Du schon mit Mut und Entdeckerfreude gegangen bist. So habe ich mir immer gew\u00fcnscht, dass NLP vermittelt wird. So oft war ich schon frustriert, wenn ich dieses an sich so wertvolle und n\u00fctzliche Konzept von \u201eMachertypen\u201c, die aus meiner Sicht offenbar dieses Konzept (und \u00fcberhaupt die ganzen Konzeptionen, die von Milton Erickson angeregt wurden) als Technik und nicht vor allem auch als Haltung begriffen haben und es so korrumpieren. Das erlebe ich bei Dir v\u00f6llig anders, und das tut so gut. Ich danke Dir daf\u00fcr. <br \/>Also, noch einmal herzlichen Gl\u00fcckwunsch zu der Art, wie Du Leute mit Deinen Angeboten ansprichst.\u201e<\/em><\/span><\/p>\t\t\t\t\t\t\t\t<\/div>\n\t\t\t\t<\/div>\n\t\t\t\t\t<\/div>\n\t\t<\/div>\n\t\t\t\t\t<\/div>\n\t\t<\/section>\n\t\t\t\t<\/div>\n\t\t","protected":false},"excerpt":{"rendered":"<p>Sie lernen das Geheimnis von Selbstvertrauen, Selbstwirksamkeit und der Lust auf Leistung. Wir machen alle die Erfahrung, dass unser Leben nicht perfekt ist, es gibt Schmerz, Herausforderungen und Leid. Die Schwankungen des Egos zwischen Sandkorn und Mount Everest mit Humor, Gelassenheit und Mitgef\u00fchl zu betrachten \u2013 das ist der Nutzen von NLP- und Mediationsf\u00e4higkeiten, es &hellip; <a href=\"https:\/\/aheyer.de\/\" class=\"more-link\"><span class=\"screen-reader-text\">&#8222;Anita Heyer&#8220; <\/span>weiterlesen<\/a><\/p>\n","protected":false},"author":2,"featured_media":0,"parent":0,"menu_order":0,"comment_status":"closed","ping_status":"closed","template":"","meta":{"footnotes":""},"class_list":["post-81","page","type-page","status-publish","hentry"],"_links":{"self":[{"href":"https:\/\/aheyer.de\/index.php?rest_route=\/wp\/v2\/pages\/81","targetHints":{"allow":["GET"]}}],"collection":[{"href":"https:\/\/aheyer.de\/index.php?rest_route=\/wp\/v2\/pages"}],"about":[{"href":"https:\/\/aheyer.de\/index.php?rest_route=\/wp\/v2\/types\/page"}],"author":[{"embeddable":true,"href":"https:\/\/aheyer.de\/index.php?rest_route=\/wp\/v2\/users\/2"}],"replies":[{"embeddable":true,"href":"https:\/\/aheyer.de\/index.php?rest_route=%2Fwp%2Fv2%2Fcomments&post=81"}],"version-history":[{"count":60,"href":"https:\/\/aheyer.de\/index.php?rest_route=\/wp\/v2\/pages\/81\/revisions"}],"predecessor-version":[{"id":1470,"href":"https:\/\/aheyer.de\/index.php?rest_route=\/wp\/v2\/pages\/81\/revisions\/1470"}],"wp:attachment":[{"href":"https:\/\/aheyer.de\/index.php?rest_route=%2Fwp%2Fv2%2Fmedia&parent=81"}],"curies":[{"name":"wp","href":"https:\/\/api.w.org\/{rel}","templated":true}]}}