{"id":921,"date":"2023-03-27T11:08:46","date_gmt":"2023-03-27T09:08:46","guid":{"rendered":"https:\/\/aheyer.de\/?page_id=921"},"modified":"2023-03-27T12:26:11","modified_gmt":"2023-03-27T10:26:11","slug":"elementor-921","status":"publish","type":"page","link":"https:\/\/aheyer.de\/?page_id=921","title":{"rendered":"DAS TEAM"},"content":{"rendered":"\t\t<div data-elementor-type=\"wp-page\" data-elementor-id=\"921\" class=\"elementor elementor-921\">\n\t\t\t\t\t\t<section class=\"elementor-section elementor-top-section elementor-element elementor-element-d68cd04 elementor-section-boxed elementor-section-height-default elementor-section-height-default\" data-id=\"d68cd04\" data-element_type=\"section\" data-e-type=\"section\">\n\t\t\t\t\t\t<div class=\"elementor-container elementor-column-gap-default\">\n\t\t\t\t\t<div class=\"elementor-column elementor-col-100 elementor-top-column elementor-element elementor-element-1b6e276\" data-id=\"1b6e276\" data-element_type=\"column\" data-e-type=\"column\">\n\t\t\t<div class=\"elementor-widget-wrap elementor-element-populated\">\n\t\t\t\t\t\t<div class=\"elementor-element elementor-element-421a311 elementor-widget elementor-widget-text-editor\" data-id=\"421a311\" data-element_type=\"widget\" data-e-type=\"widget\" data-widget_type=\"text-editor.default\">\n\t\t\t\t<div class=\"elementor-widget-container\">\n\t\t\t\t\t\t\t\t\t<h1><img fetchpriority=\"high\" decoding=\"async\" class=\"size-medium wp-image-523\" src=\"https:\/\/aheyer.de\/wp-content\/uploads\/IMG_20201001_055909-210x300.jpg\" alt=\"\" width=\"210\" height=\"300\" srcset=\"https:\/\/aheyer.de\/wp-content\/uploads\/IMG_20201001_055909-210x300.jpg 210w, https:\/\/aheyer.de\/wp-content\/uploads\/IMG_20201001_055909-718x1024.jpg 718w, https:\/\/aheyer.de\/wp-content\/uploads\/IMG_20201001_055909-768x1096.jpg 768w, https:\/\/aheyer.de\/wp-content\/uploads\/IMG_20201001_055909-1077x1536.jpg 1077w, https:\/\/aheyer.de\/wp-content\/uploads\/IMG_20201001_055909-1436x2048.jpg 1436w, https:\/\/aheyer.de\/wp-content\/uploads\/IMG_20201001_055909-1200x1712.jpg 1200w, https:\/\/aheyer.de\/wp-content\/uploads\/IMG_20201001_055909-scaled.jpg 1795w\" sizes=\"(max-width: 210px) 85vw, 210px\" \/> \u00a0<span style=\"color: #000000;\">Anita Heyer<\/span><\/h1><p><span style=\"color: #000000;\">Lehrtrainerin DVNLP, Lehrcoach*in DVNLP, Lehrmediatorin D.A.CH..<br \/>Schwerpunkte im Coaching sind: Konfliktcoaching, Paar- und Teamcoaching und Training. Ausbildungen zum \u201eBusiness- und \/oder Teamcoach\u201c. Arbeitet f\u00fcr F\u00fchrungskr\u00e4fte sowie als Team- \/Konfliktcoach und Mediatorin f\u00fcr namhafte Firmen und Organisationen. Sie ist bekannt als engagierte Kommunikationstrainerin, die seit \u00fcber 20 Jahren erfolgreich Seminare durchf\u00fchrt.<\/span><\/p>\t\t\t\t\t\t\t\t<\/div>\n\t\t\t\t<\/div>\n\t\t\t\t<div class=\"elementor-element elementor-element-933ab22 elementor-widget elementor-widget-text-editor\" data-id=\"933ab22\" data-element_type=\"widget\" data-e-type=\"widget\" data-widget_type=\"text-editor.default\">\n\t\t\t\t<div class=\"elementor-widget-container\">\n\t\t\t\t\t\t\t\t\t<h1><span style=\"color: #000000;\"><strong><img decoding=\"async\" class=\"alignnone wp-image-888 size-thumbnail\" src=\"https:\/\/aheyer.de\/wp-content\/uploads\/Bild1-150x150.jpg\" alt=\"\" width=\"150\" height=\"150\" \/>\u00a0 \u00a0Andreas Heyer<\/strong><\/span><\/h1><p><span style=\"color: #000000;\">Lehrtrainer DVNLP, Lehrcoach DVNLP, Lehrmediator DVNLP. Seit 1993 Trainer, Coach und Ausbilder. Schwerpunkte: NLP-Ausbildungen, Kompetenz-, Ressourcen- und l\u00f6sungsorientiertes Einzelcoaching.<\/span><\/p>\t\t\t\t\t\t\t\t<\/div>\n\t\t\t\t<\/div>\n\t\t\t\t<div class=\"elementor-element elementor-element-6f14b79 elementor-widget-divider--view-line elementor-widget elementor-widget-divider\" data-id=\"6f14b79\" data-element_type=\"widget\" data-e-type=\"widget\" data-widget_type=\"divider.default\">\n\t\t\t\t<div class=\"elementor-widget-container\">\n\t\t\t\t\t\t\t<div class=\"elementor-divider\">\n\t\t\t<span class=\"elementor-divider-separator\">\n\t\t\t\t\t\t<\/span>\n\t\t<\/div>\n\t\t\t\t\t\t<\/div>\n\t\t\t\t<\/div>\n\t\t\t\t<div class=\"elementor-element elementor-element-7731637 elementor-widget elementor-widget-text-editor\" data-id=\"7731637\" data-element_type=\"widget\" data-e-type=\"widget\" data-widget_type=\"text-editor.default\">\n\t\t\t\t<div class=\"elementor-widget-container\">\n\t\t\t\t\t\t\t\t\t<h1><span style=\"color: #000000;\"><strong><img decoding=\"async\" class=\"alignnone size-medium wp-image-929\" src=\"https:\/\/aheyer.de\/wp-content\/uploads\/Ste_Heuser-1-300x170.jpg\" alt=\"\" width=\"300\" height=\"170\" srcset=\"https:\/\/aheyer.de\/wp-content\/uploads\/Ste_Heuser-1-300x170.jpg 300w, https:\/\/aheyer.de\/wp-content\/uploads\/Ste_Heuser-1.jpg 640w\" sizes=\"(max-width: 300px) 85vw, 300px\" \/>\u00a0 Stephanie Heuser <\/strong><\/span><\/h1><p><strong>Zertifizierte Systemischer Coach (DVNLP), Agile Coach (New Work Academy) &amp; Mediatorin (D.A.CH. e.V.) begleitet Stephanie F\u00fchrungskr\u00e4fte und Teams.<br \/>Vielf\u00e4ltige \u201eFelderfahrung\u201c als Gesch\u00e4ftsf\u00fchrerin einer Agentur.<\/strong><\/p><p><strong>Schwerpunkte im Coaching &amp; Training: 1:1 Coachings, Teamcoachings, Teamworkshops und Seminare zu Selbstf\u00fchrung, Agile Leadership, Kommunikationspsychologie, Teamentwicklungsprozesse, Feedbackkultur, Psychologische Sicherheit, Umgang mit Konflikten im Team, Entwicklung &amp; Begleitung von F\u00fchrungsteams und Zielklarheit im organisationalen Kontext (Organisationsentwicklung). <\/strong><\/p><h1><span style=\"color: #000000;\"><strong><img loading=\"lazy\" decoding=\"async\" class=\"alignnone size-medium wp-image-884\" src=\"https:\/\/aheyer.de\/wp-content\/uploads\/Laura-opt-225x300.png\" alt=\"\" width=\"225\" height=\"300\" srcset=\"https:\/\/aheyer.de\/wp-content\/uploads\/Laura-opt-225x300.png 225w, https:\/\/aheyer.de\/wp-content\/uploads\/Laura-opt.png 270w\" sizes=\"(max-width: 225px) 85vw, 225px\" \/> \u00a0<\/strong><\/span><span style=\"color: #000000;\"><strong>Laura Gleichmann<\/strong><\/span><\/h1><p><strong>Master Coach DVNLP, NLP Trainerin, Mediatorin <\/strong><\/p><p><strong>Schwerpunkte: Teamtraining, Team-Choreographie, Leitung von Gruppendynamischen Prozessen und Teambuilding.<\/strong><\/p>\t\t\t\t\t\t\t\t<\/div>\n\t\t\t\t<\/div>\n\t\t\t\t\t<\/div>\n\t\t<\/div>\n\t\t\t\t\t<\/div>\n\t\t<\/section>\n\t\t\t\t<\/div>\n\t\t","protected":false},"excerpt":{"rendered":"<p>\u00a0Anita Heyer Lehrtrainerin DVNLP, Lehrcoach*in DVNLP, Lehrmediatorin D.A.CH..Schwerpunkte im Coaching sind: Konfliktcoaching, Paar- und Teamcoaching und Training. Ausbildungen zum \u201eBusiness- und \/oder Teamcoach\u201c. Arbeitet f\u00fcr F\u00fchrungskr\u00e4fte sowie als Team- \/Konfliktcoach und Mediatorin f\u00fcr namhafte Firmen und Organisationen. Sie ist bekannt als engagierte Kommunikationstrainerin, die seit \u00fcber 20 Jahren erfolgreich Seminare durchf\u00fchrt. \u00a0 \u00a0Andreas Heyer Lehrtrainer &hellip; <a href=\"https:\/\/aheyer.de\/?page_id=921\" class=\"more-link\"><span class=\"screen-reader-text\">&#8222;DAS TEAM&#8220; <\/span>weiterlesen<\/a><\/p>\n","protected":false},"author":2,"featured_media":0,"parent":0,"menu_order":0,"comment_status":"closed","ping_status":"closed","template":"","meta":{"footnotes":""},"class_list":["post-921","page","type-page","status-publish","hentry"],"_links":{"self":[{"href":"https:\/\/aheyer.de\/index.php?rest_route=\/wp\/v2\/pages\/921","targetHints":{"allow":["GET"]}}],"collection":[{"href":"https:\/\/aheyer.de\/index.php?rest_route=\/wp\/v2\/pages"}],"about":[{"href":"https:\/\/aheyer.de\/index.php?rest_route=\/wp\/v2\/types\/page"}],"author":[{"embeddable":true,"href":"https:\/\/aheyer.de\/index.php?rest_route=\/wp\/v2\/users\/2"}],"replies":[{"embeddable":true,"href":"https:\/\/aheyer.de\/index.php?rest_route=%2Fwp%2Fv2%2Fcomments&post=921"}],"version-history":[{"count":34,"href":"https:\/\/aheyer.de\/index.php?rest_route=\/wp\/v2\/pages\/921\/revisions"}],"predecessor-version":[{"id":960,"href":"https:\/\/aheyer.de\/index.php?rest_route=\/wp\/v2\/pages\/921\/revisions\/960"}],"wp:attachment":[{"href":"https:\/\/aheyer.de\/index.php?rest_route=%2Fwp%2Fv2%2Fmedia&parent=921"}],"curies":[{"name":"wp","href":"https:\/\/api.w.org\/{rel}","templated":true}]}}